{"id":905,"date":"2011-10-11T09:00:17","date_gmt":"2011-10-11T07:00:17","guid":{"rendered":"http:\/\/www.puheoikeus.fi\/?p=905"},"modified":"2013-02-11T02:57:41","modified_gmt":"2013-02-11T00:57:41","slug":"hbl-finansiering-saknas-for-utsatt-grupp","status":"publish","type":"page","link":"https:\/\/www.puheoikeus.fi\/sv\/mediassa\/hbl-finansiering-saknas-for-utsatt-grupp\/","title":{"rendered":"HBL &#8211; Finansiering saknas f\u00f6r utsatt grupp"},"content":{"rendered":"<p>Den f\u00f6rtj\u00e4nstfulla FNB-SPT-artikeln (Hbl 10.10) om L\u00e4rums utbud av material f\u00f6r elever med l\u00e4s- och skrivsv\u00e5righeter visar med all (o)\u00f6nskv\u00e4rd tydlighet att de utvecklingsst\u00f6rda, autisterna, de tecken- och bildkommunicerande eleverna inom utbudet av l\u00e4romedel \u00e4r totalt bortgl\u00f6mda eller undanskuffade \u2013 det \u00e4r l\u00f6nsamheten som avg\u00f6r.<\/p>\n<p><a href=\"http:\/\/hbl.fi\/opinion\/lasares-brev\/2011-10-11\/finansiering-saknas-utsatt-grupp\" target=\"_blank\">L\u00e4s mera<\/a><\/p>","protected":false},"excerpt":{"rendered":"<p>Den f\u00f6rtj\u00e4nstfulla FNB-SPT-artikeln (Hbl 10.10) om L\u00e4rums utbud av material f\u00f6r elever med l\u00e4s- och skrivsv\u00e5righeter visar med all (o)\u00f6nskv\u00e4rd tydlighet att de utvecklingsst\u00f6rda, autisterna, de tecken- och bildkommunicerande eleverna inom utbudet av l\u00e4romedel \u00e4r totalt bortgl\u00f6mda eller undanskuffade \u2013<span class=\"ellipsis\">&hellip;<\/span><\/p>\n<div class=\"read-more\"><a href=\"https:\/\/www.puheoikeus.fi\/sv\/mediassa\/hbl-finansiering-saknas-for-utsatt-grupp\/\">L\u00e4s mer &#8250;<\/a><\/div>\n<p><!-- end of .read-more --><\/p>\n","protected":false},"author":2,"featured_media":0,"parent":1193,"menu_order":0,"comment_status":"closed","ping_status":"open","template":"content-sidebar-page.php","meta":[],"_links":{"self":[{"href":"https:\/\/www.puheoikeus.fi\/sv\/wp-json\/wp\/v2\/pages\/905"}],"collection":[{"href":"https:\/\/www.puheoikeus.fi\/sv\/wp-json\/wp\/v2\/pages"}],"about":[{"href":"https:\/\/www.puheoikeus.fi\/sv\/wp-json\/wp\/v2\/types\/page"}],"author":[{"embeddable":true,"href":"https:\/\/www.puheoikeus.fi\/sv\/wp-json\/wp\/v2\/users\/2"}],"replies":[{"embeddable":true,"href":"https:\/\/www.puheoikeus.fi\/sv\/wp-json\/wp\/v2\/comments?post=905"}],"version-history":[{"count":0,"href":"https:\/\/www.puheoikeus.fi\/sv\/wp-json\/wp\/v2\/pages\/905\/revisions"}],"up":[{"embeddable":true,"href":"https:\/\/www.puheoikeus.fi\/sv\/wp-json\/wp\/v2\/pages\/1193"}],"wp:attachment":[{"href":"https:\/\/www.puheoikeus.fi\/sv\/wp-json\/wp\/v2\/media?parent=905"}],"curies":[{"name":"wp","href":"https:\/\/api.w.org\/{rel}","templated":true}]}}