{"id":508,"date":"2012-11-20T11:00:16","date_gmt":"2012-11-20T09:00:16","guid":{"rendered":"http:\/\/www.puheoikeus.fi\/?page_id=508"},"modified":"2013-04-17T11:48:13","modified_gmt":"2013-04-17T08:48:13","slug":"omaiset-ja-omaishoito","status":"publish","type":"page","link":"https:\/\/www.puheoikeus.fi\/sv\/omaiset-ja-omaishoito\/","title":{"rendered":"Anh\u00f6riga och n\u00e4rst\u00e5endev\u00e5rd"},"content":{"rendered":"<p>Specialbarnens anh\u00f6riga \u00e4r ofta detta p\u00e5 heltid och p\u00e5 livstid. Dessa anh\u00f6riga mariginaliseras aktivt fr\u00e5n samh\u00e4llets sida. De utnyttjas till bristningsgr\u00e4nsen. Kommunerna r\u00e4knar kallt med att familjerna inte orkar processa och att de st\u00e4ller upp i v\u00e5tt och torrt d\u00e5 andra \u00f6verger barnet.<\/p>\n<p>De anh\u00f6rigv\u00e5rdare som jobbar b\u00e5de livsl\u00e5ngt och dygnet runt borde f\u00e5 ett arvode som klassas som l\u00f6n. Det \u00e4r en annan sak att tempor\u00e4rt ta hand om n\u00e5got (ut\u00f6ver l\u00f6n eller med de allvarligt sjukas f\u00f6rh\u00f6jda bidrag) eller att ut\u00f6ver pensionen f\u00e5 samh\u00e4llets erk\u00e4nnande klapp p\u00e5 huvudet, men den d\u00e4rtill tvingade anh\u00f6riga till ett specialbarn blir aktivt mariginaliserad utan vare sig inkomst eller pension trots ett tufft jobb 24\/24, 365\/365 i decennier. Arbetets v\u00e4rde (i Finland) \u00e4r > 240.000\u20ac per \u00e5r och i j\u00e4mf\u00f6relse med anstaltsv\u00e5rdens fakturering g\u00e5r l\u00f6nens break-even vid trettondag. Det \u00e4r d\u00e5 samh\u00e4llet b\u00f6rjar exploatera gratisarbetskraften. Verkligheten borde landa n\u00e5gonstans i mitten. Den anh\u00f6riga betalar dessutom ett h\u00f6gt pris i form av h\u00e4lsa och av ofrivilligt utebliven inkomst. Vi f\u00f6resl\u00e5r dubbel asssitentl\u00f6n.<\/p>\n<p>M\u00e5nga har aldrig haft en ledig dag, inte ens p\u00e5 10-15 \u00e5r. De fr\u00e5ntas r\u00e4tten till ett vuxenliv, betalar fullt pris p\u00e5 allt och behandlas som paria. En anh\u00f6rigs lediga dygn \u00e4r ofta 7-8 timmar, inte ett dygn. De tre lagstadgade dagarna i m\u00e5naden f\u00e5r inte ens &#8221;buntas ihop&#8221; till en veckas ledighet. F\u00e5 f\u00e5r lediga dagar och kommunerna sk\u00e4r ner t o m i penningen (400\u20ac minus skatt) f\u00f6r heltidsanh\u00f6riga.<\/p>\n<p>Att mer eller mindre kategoriskt f\u00f6rbjuda anh\u00f6riga att vara assistent till autister, gravt talhandikappade och liknande barn \u00e4r fel. Ofta \u00e4r det kopplat ihop med att kommunen sj\u00e4lv str\u00e4ckt upp sina h\u00e4nder och inget kan erbjuda. \u00c4nd\u00e5 f\u00e5r den som kan sin sak och som kan kommunicera (AKK) inte agera assistent med l\u00f6n. Inte ens d\u00e5 de anh\u00f6riga vikarierar skolan eller lovv\u00e5rden, f\u00e5r de f\u00f6rh\u00f6jd betalning eller l\u00f6n. Man borde dock kunna anv\u00e4nda sunt bondf\u00f6rnuft inom den offentliga sektorn. Ge den funktionshindrade den hj\u00e4lp den beh\u00f6ver eller ens en kreativ Plan B!<\/p>","protected":false},"excerpt":{"rendered":"<p>Specialbarnens anh\u00f6riga \u00e4r ofta detta p\u00e5 heltid och p\u00e5 livstid. Dessa anh\u00f6riga mariginaliseras aktivt fr\u00e5n samh\u00e4llets sida. De utnyttjas till bristningsgr\u00e4nsen. Kommunerna r\u00e4knar kallt med att familjerna inte orkar processa och att de st\u00e4ller upp i v\u00e5tt och torrt d\u00e5<span class=\"ellipsis\">&hellip;<\/span><\/p>\n<div class=\"read-more\"><a href=\"https:\/\/www.puheoikeus.fi\/sv\/omaiset-ja-omaishoito\/\">L\u00e4s mer &#8250;<\/a><\/div>\n<p><!-- end of .read-more --><\/p>\n","protected":false},"author":2,"featured_media":0,"parent":0,"menu_order":0,"comment_status":"closed","ping_status":"open","template":"content-sidebar-page.php","meta":[],"_links":{"self":[{"href":"https:\/\/www.puheoikeus.fi\/sv\/wp-json\/wp\/v2\/pages\/508"}],"collection":[{"href":"https:\/\/www.puheoikeus.fi\/sv\/wp-json\/wp\/v2\/pages"}],"about":[{"href":"https:\/\/www.puheoikeus.fi\/sv\/wp-json\/wp\/v2\/types\/page"}],"author":[{"embeddable":true,"href":"https:\/\/www.puheoikeus.fi\/sv\/wp-json\/wp\/v2\/users\/2"}],"replies":[{"embeddable":true,"href":"https:\/\/www.puheoikeus.fi\/sv\/wp-json\/wp\/v2\/comments?post=508"}],"version-history":[{"count":0,"href":"https:\/\/www.puheoikeus.fi\/sv\/wp-json\/wp\/v2\/pages\/508\/revisions"}],"wp:attachment":[{"href":"https:\/\/www.puheoikeus.fi\/sv\/wp-json\/wp\/v2\/media?parent=508"}],"curies":[{"name":"wp","href":"https:\/\/api.w.org\/{rel}","templated":true}]}}