{"id":497,"date":"2012-11-20T10:57:45","date_gmt":"2012-11-20T08:57:45","guid":{"rendered":"http:\/\/www.puheoikeus.fi\/?page_id=497"},"modified":"2013-02-13T01:37:52","modified_gmt":"2013-02-12T23:37:52","slug":"hyvin-hoidettuna","status":"publish","type":"page","link":"https:\/\/www.puheoikeus.fi\/sv\/hyvin-hoidettuna\/","title":{"rendered":"Bra jobbat"},"content":{"rendered":"<p><img loading=\"lazy\" class=\"alignleft size-full wp-image-1426\" style=\"margin-right: 5px; margin-bottom: -5px;\" alt=\"PLUS\" src=\"http:\/\/www.puheoikeus.fi\/wp-content\/uploads\/2012\/11\/PLUS.png\" width=\"24\" height=\"25\" \/>I n\u00f6jesparken Borgbacken (Helsingfors) betalar den funktionshindrade bara sin egen intr\u00e4desbiljett, medan f\u00f6ljeslagaren f\u00e5r ett gratis kort f\u00f6r \u00e5ken tillsammans med den funktionshindrade. Om barnet har v\u00e4ldigt sv\u00e5rt att v\u00e4nta\/k\u00f6a bland folk, kan man f\u00e5 ett Specialg\u00e4stkort med vilket man kan g\u00e5 f\u00f6rbi k\u00f6n eller t o m l\u00e5ta bli att stiga ut ur vagnen mellan \u00e5ken. Dessutom finns det ett slags &#8221;storasyskon&#8221; (direkt \u00f6versatt &#8221;apparatfadder&#8221;) som kan \u00e5ka med i de olika attraktionerna vid behov.<\/p>\n<p><img loading=\"lazy\" class=\"alignleft size-full wp-image-1426\" style=\"margin-right: 5px; margin-bottom: -5px;\" alt=\"PLUS\" src=\"http:\/\/www.puheoikeus.fi\/wp-content\/uploads\/2012\/11\/PLUS.png\" width=\"24\" height=\"25\" \/>Tre inhemska (Finland) och ett utl\u00e4ndskt (svenskt) f\u00f6rlag har st\u00e4llt sig positiva till v\u00e5rt utvecklingsprojekt inom AKK-specialpedagogik\u00a9 genom donation av n\u00e5gra skolb\u00f6cker. Ett av dessa har lovat st\u00e4lla upp med tillg\u00e5ng till bilder och texter ifall Utbildningsstyrelsen eller n\u00e5gon annan myndighet (i Finland) g\u00e5r med p\u00e5 att ge ut utbildningsmaterial f\u00f6r dem med AKK som f\u00f6rstaspr\u00e5k. Detta material skulle vara det f\u00f6rsta p\u00e5 AKK-spr\u00e5ket f\u00f6r n\u00e5gonsomhelst skolg\u00e5ng. Till de alternativa och kompletterande kommunkationsformerna (AKK) h\u00f6r bla. tecken, bilder, symbolskrift och Bliss.<\/p>\n<p><img loading=\"lazy\" class=\"alignleft size-full wp-image-1426\" style=\"margin-right: 5px; margin-bottom: -5px;\" alt=\"PLUS\" src=\"http:\/\/www.puheoikeus.fi\/wp-content\/uploads\/2012\/11\/PLUS.png\" width=\"24\" height=\"25\" \/>Grankulla stad erbjuder n\u00e4rst\u00e5endev\u00e5rdarna fritt intr\u00e4de till fritidssektorns aktiviteter (motion). M\u00f6jligheten \u00e4r dock teoretisk eftersom samma kommuns socialsektor ser till att specialbarnens anh\u00f6riga inte kommer ut ur sina hem. Gesten fr\u00e5n fritidssektorns sida \u00e4r dock f\u00f6rtj\u00e4nstfull: man syftar till att de anh\u00f6riga skall orka med sitt jobb.<\/p>\n<p><img loading=\"lazy\" class=\"alignleft size-full wp-image-1426\" style=\"margin-right: 5px; margin-bottom: -5px;\" alt=\"PLUS\" src=\"http:\/\/www.puheoikeus.fi\/wp-content\/uploads\/2012\/11\/PLUS.png\" width=\"24\" height=\"25\" \/>Lexias grundare har p\u00e5 olika s\u00e4tt st\u00f6tt uppkomsten av AKK-specialpedagogiken\u00a9 i praktiken.<\/p>\n<p><img loading=\"lazy\" class=\"alignleft size-full wp-image-1426\" style=\"margin-right: 5px; margin-bottom: -5px;\" alt=\"PLUS\" src=\"http:\/\/www.puheoikeus.fi\/wp-content\/uploads\/2012\/11\/PLUS.png\" width=\"24\" height=\"25\" \/>Tobii har l\u00e5tit oss agera pilotprojekt inom flera omr\u00e5den, baserat p\u00e5 v\u00e5ra meriter. Det har lett till ett flerfaldigt bruk av kommunikationshj\u00e4lpmedlen ocks\u00e5 inom specialpedagogiken. Det i sin tur har gett h\u00e4vst\u00e5ngseffekt inom AKK-specialpedagogiken\u00a9<\/p>","protected":false},"excerpt":{"rendered":"<p>I n\u00f6jesparken Borgbacken (Helsingfors) betalar den funktionshindrade bara sin egen intr\u00e4desbiljett, medan f\u00f6ljeslagaren f\u00e5r ett gratis kort f\u00f6r \u00e5ken tillsammans med den funktionshindrade. Om barnet har v\u00e4ldigt sv\u00e5rt att v\u00e4nta\/k\u00f6a bland folk, kan man f\u00e5 ett Specialg\u00e4stkort med vilket man<span class=\"ellipsis\">&hellip;<\/span><\/p>\n<div class=\"read-more\"><a href=\"https:\/\/www.puheoikeus.fi\/sv\/hyvin-hoidettuna\/\">L\u00e4s mer &#8250;<\/a><\/div>\n<p><!-- end of .read-more --><\/p>\n","protected":false},"author":2,"featured_media":0,"parent":0,"menu_order":0,"comment_status":"closed","ping_status":"open","template":"content-sidebar-page.php","meta":[],"_links":{"self":[{"href":"https:\/\/www.puheoikeus.fi\/sv\/wp-json\/wp\/v2\/pages\/497"}],"collection":[{"href":"https:\/\/www.puheoikeus.fi\/sv\/wp-json\/wp\/v2\/pages"}],"about":[{"href":"https:\/\/www.puheoikeus.fi\/sv\/wp-json\/wp\/v2\/types\/page"}],"author":[{"embeddable":true,"href":"https:\/\/www.puheoikeus.fi\/sv\/wp-json\/wp\/v2\/users\/2"}],"replies":[{"embeddable":true,"href":"https:\/\/www.puheoikeus.fi\/sv\/wp-json\/wp\/v2\/comments?post=497"}],"version-history":[{"count":0,"href":"https:\/\/www.puheoikeus.fi\/sv\/wp-json\/wp\/v2\/pages\/497\/revisions"}],"wp:attachment":[{"href":"https:\/\/www.puheoikeus.fi\/sv\/wp-json\/wp\/v2\/media?parent=497"}],"curies":[{"name":"wp","href":"https:\/\/api.w.org\/{rel}","templated":true}]}}