{"id":46,"date":"2012-04-23T16:13:22","date_gmt":"2012-04-23T16:13:22","guid":{"rendered":"http:\/\/puheoikeus.fi\/?page_id=46"},"modified":"2013-04-17T11:45:42","modified_gmt":"2013-04-17T08:45:42","slug":"tietoa-meista","status":"publish","type":"page","link":"https:\/\/www.puheoikeus.fi\/sv\/tietoa-meista\/","title":{"rendered":"Om oss"},"content":{"rendered":"<p>Puheoikeus.fi efterstr\u00e4var att ge i f\u00f6rsta hand de gravt talhandikappade autisterna en r\u00f6st kring ett expressivt spr\u00e5k, alternativ kommunikation, handikappservice, bem\u00f6tande och sj\u00e4lvbest\u00e4mmander\u00e4tt (yttrander\u00e4tt).<\/p>\n<p>V\u00e5r expertis h\u00e4rr\u00f6r sig ur ett flertal formella kvalifikationer i kombination med f\u00f6rstahandserfarenhet av anh\u00f6rigv\u00e5rd f\u00f6r barn, ungdomar och vuxna med grava funktionshinder. Vi kombinerar professionell expertis med expertis inom omsorg och anh\u00f6rigv\u00e5rd och efterstr\u00e4var 2 + 2 = 6, dvs ett merv\u00e4rde i alla v\u00e5ra kompetensomr\u00e5den. V\u00e5r tyngdpunkt \u00e4r p\u00e5 AKK (alternativ och kompletterande kommunikation), specialpedagogik,<\/p>\n<p>AKK \u2013specialpedagogik, autism, utvecklingsst\u00f6rning och m\u00e4nskliga r\u00e4ttigheter. Vi erbjuder konsultation, undervisning, handledning, materialutgivning, utveckling, lobbning, f\u00f6rhandling, medling och r\u00e4ttshj\u00e4lp f\u00f6r <strong>experter<\/strong> (inom habilitering, utbildning, social- och h\u00e4lsov\u00e5rd, sjukv\u00e5rd, organisationer), <strong>anh\u00f6rigexperter<\/strong>, <strong>funktionshindrade, ledning, tj\u00e4nstem\u00e4n, politiker och den breda allm\u00e4nheten <\/strong>inom<\/p>\n<ul>\n<li><strong>r\u00e4ttsfr\u00e5gor<\/strong> (lagstiftning och r\u00e4ttsskydd ur den funktionsnedsattas perspektiv och vad det kr\u00e4ver av myndigheter, tj\u00e4nstem\u00e4n och personal) (fi. oikeus)<\/li>\n<li><strong>yttrander\u00e4tt<\/strong>, v\u00e4rdegrund, t\u00e4nkes\u00e4tt, processer, bem\u00f6tande, etik och st\u00f6d (fi. puheoikeus)<\/li>\n<li><strong>r\u00e4tten till en egen kommuniktion<\/strong> i livets alla skeden och i vardagen, alternativ och kompletterande kommunikation och kompetenser hos brukare, anh\u00f6riga och anst\u00e4llda att bredda p\u00e5 kommunikationsf\u00f6rm\u00e5gan (fi. puhe)<\/li>\n<\/ul>\n<h4>Terry Grahn<\/h4>\n<p>Beteendevetare, pedagog, MBA(Henley) och specialsjuksk\u00f6tare. Terry Grahn \u00e4r AKK-specialpedagogikens \u00a9 upphovsman. Hon \u00e4r f\u00f6rel\u00e4sare, skribent, debatt\u00f6r och p\u00e5verkare inom AKK, specialpedagogik, kommunikation, handikappservice, yttrander\u00e4tt, bem\u00f6tande och anh\u00f6rigv\u00e5rd. Terry Grahn har b\u00e5de en personlig och en professionell erfarenhet av i synnerhet gravt talhandikappde barn med autism.<\/p>","protected":false},"excerpt":{"rendered":"<p>Puheoikeus.fi efterstr\u00e4var att ge i f\u00f6rsta hand de gravt talhandikappade autisterna en r\u00f6st kring ett expressivt spr\u00e5k, alternativ kommunikation, handikappservice, bem\u00f6tande och sj\u00e4lvbest\u00e4mmander\u00e4tt (yttrander\u00e4tt). V\u00e5r expertis h\u00e4rr\u00f6r sig ur ett flertal formella kvalifikationer i kombination med f\u00f6rstahandserfarenhet av anh\u00f6rigv\u00e5rd f\u00f6r<span class=\"ellipsis\">&hellip;<\/span><\/p>\n<div class=\"read-more\"><a href=\"https:\/\/www.puheoikeus.fi\/sv\/tietoa-meista\/\">L\u00e4s mer &#8250;<\/a><\/div>\n<p><!-- end of .read-more --><\/p>\n","protected":false},"author":3,"featured_media":0,"parent":0,"menu_order":0,"comment_status":"closed","ping_status":"closed","template":"content-sidebar-page.php","meta":[],"_links":{"self":[{"href":"https:\/\/www.puheoikeus.fi\/sv\/wp-json\/wp\/v2\/pages\/46"}],"collection":[{"href":"https:\/\/www.puheoikeus.fi\/sv\/wp-json\/wp\/v2\/pages"}],"about":[{"href":"https:\/\/www.puheoikeus.fi\/sv\/wp-json\/wp\/v2\/types\/page"}],"author":[{"embeddable":true,"href":"https:\/\/www.puheoikeus.fi\/sv\/wp-json\/wp\/v2\/users\/3"}],"replies":[{"embeddable":true,"href":"https:\/\/www.puheoikeus.fi\/sv\/wp-json\/wp\/v2\/comments?post=46"}],"version-history":[{"count":0,"href":"https:\/\/www.puheoikeus.fi\/sv\/wp-json\/wp\/v2\/pages\/46\/revisions"}],"wp:attachment":[{"href":"https:\/\/www.puheoikeus.fi\/sv\/wp-json\/wp\/v2\/media?parent=46"}],"curies":[{"name":"wp","href":"https:\/\/api.w.org\/{rel}","templated":true}]}}