{"id":1784,"date":"2013-04-23T22:16:52","date_gmt":"2013-04-23T19:16:52","guid":{"rendered":"http:\/\/www.puheoikeus.fi\/?page_id=1784"},"modified":"2013-05-03T18:13:34","modified_gmt":"2013-05-03T15:13:34","slug":"kuntoutuspalvelut","status":"publish","type":"page","link":"https:\/\/www.puheoikeus.fi\/sv\/linkit\/kuntoutuspalvelut\/","title":{"rendered":"Habiliteringstj\u00e4nster"},"content":{"rendered":"<p><\/p>\n<h5><a href=\"http:\/\/www.dart-gbg.org\" target=\"_blank\">DART Kommunikations- och dataresurtcenter (G\u00f6teborg, Sverige)<\/a><\/h5>\n<h5><a href=\"http:\/\/www.folkhalsan.fi\/startsida\/Var-verksamhet\/Barn--familj\/Barnhabilitering-Habben\" target=\"_blank\">Folkh\u00e4lsan Habilitering f\u00f6r barn med funktionshinder<\/a><\/h5>\n<h5><a href=\"http:\/\/www.folkhalsan.fi\/startsida\/Var-verksamhet\/Barn--familj\/Kommunikationsstod--datatek-Resurscenter\" target=\"_blank\">Folkh\u00e4lsan Resurscenter \u2013 kommunikationsst\u00f6d och datatek<\/a><\/h5>\n<h5><a href=\"http:\/\/mun-h-center.se\/sv\/Mun-H-Center\" target=\"_blank\">Mun-h-Center, munh\u00e4lsa och oralmotorik (Sverige)<\/a><\/h5>\n<h5><a href=\"http:\/\/www.sanamaailma.fi\/palvelut\" target=\"_blank\">Sanamaailma<\/a><\/h5>\n<h5><a href=\"http:\/\/sensoteket.fi\/start\" target=\"_blank\">Sensoteket, FDUV<\/a><\/h5>\n<h5><a href=\"http:\/\/www.terapeija.fi\" target=\"_blank\">Terapeija terapikeskus lapsille ja nuorille<\/a><\/h5>\n<p><\/p>","protected":false},"excerpt":{"rendered":"<p>DART Kommunikations- och dataresurtcenter (G\u00f6teborg, Sverige) Folkh\u00e4lsan Habilitering f\u00f6r barn med funktionshinder Folkh\u00e4lsan Resurscenter \u2013 kommunikationsst\u00f6d och datatek Mun-h-Center, munh\u00e4lsa och oralmotorik (Sverige) Sanamaailma Sensoteket, FDUV Terapeija terapikeskus lapsille ja nuorille<\/p>\n","protected":false},"author":1,"featured_media":0,"parent":34,"menu_order":0,"comment_status":"closed","ping_status":"closed","template":"content-sidebar-page.php","meta":[],"_links":{"self":[{"href":"https:\/\/www.puheoikeus.fi\/sv\/wp-json\/wp\/v2\/pages\/1784"}],"collection":[{"href":"https:\/\/www.puheoikeus.fi\/sv\/wp-json\/wp\/v2\/pages"}],"about":[{"href":"https:\/\/www.puheoikeus.fi\/sv\/wp-json\/wp\/v2\/types\/page"}],"author":[{"embeddable":true,"href":"https:\/\/www.puheoikeus.fi\/sv\/wp-json\/wp\/v2\/users\/1"}],"replies":[{"embeddable":true,"href":"https:\/\/www.puheoikeus.fi\/sv\/wp-json\/wp\/v2\/comments?post=1784"}],"version-history":[{"count":0,"href":"https:\/\/www.puheoikeus.fi\/sv\/wp-json\/wp\/v2\/pages\/1784\/revisions"}],"up":[{"embeddable":true,"href":"https:\/\/www.puheoikeus.fi\/sv\/wp-json\/wp\/v2\/pages\/34"}],"wp:attachment":[{"href":"https:\/\/www.puheoikeus.fi\/sv\/wp-json\/wp\/v2\/media?parent=1784"}],"curies":[{"name":"wp","href":"https:\/\/api.w.org\/{rel}","templated":true}]}}