{"id":1766,"date":"2013-04-23T21:34:09","date_gmt":"2013-04-23T18:34:09","guid":{"rendered":"http:\/\/www.puheoikeus.fi\/?page_id=1766"},"modified":"2013-05-03T18:46:59","modified_gmt":"2013-05-03T15:46:59","slug":"aac-erityisopetus","status":"publish","type":"page","link":"https:\/\/www.puheoikeus.fi\/sv\/linkit\/aac-erityisopetus\/","title":{"rendered":"AKK specialpedagogik"},"content":{"rendered":"<p><\/p>\n<h5><a href=\"http:\/\/www.bovallius.fi\/web\/ammattiopisto\/viittomat\" target=\"_blank\">Bovallius ammattiopisto, Ammativiittomat<\/a><\/h5>\n<h5><a href=\"http:\/\/www.handlaget.fi\" target=\"_blank\">Handlaget rf, finlandssvenska tecken<\/a><\/h5>\n<h5><a href=\"http:\/\/www.hargdata.se\/produkter.htm\" target=\"_blank\">Communicate: SymWriter, Inprint, By Choice, Symbolskrift<\/a><\/h5>\n<h5><a href=\"http:\/\/www.papunet.net\/materiaalia\/kuvapankki\" target=\"_blank\">Papunet Kuvapankki<\/a><\/h5>\n<h5><a href=\"http:\/\/papunet.net\/kuvatyokalu\" target=\"_blank\">Papunet Kuvaty\u00f6kalu<\/a><\/h5>\n<h5><a href=\"http:\/\/www.ritadetecken.se\" target=\"_blank\">Ritade tecken (Sverige)<\/a><\/h5>\n<h5><a href=\"http:\/\/suvi.viittomat.net\/wordsearch.php\" target=\"_blank\">SUVI viittomat<\/a><\/h5>\n<h5><a href=\"http:\/\/www.ling.su.se\/teckensprakslexikon\" target=\"_blank\">Svenskt teckenspr\u00e5kslexikon (Sverige)<\/a><\/h5>\n<h5><a href=\"http:\/\/lexikon.ling.su.se\/fmi\/iwp\/res\/iwp_home.html\" target=\"_blank\">Svenskt teckenspr\u00e5kslexikon temavis<\/a><\/h5>\n<h5><a href=\"http:\/\/www.tobii.com\/sv\/assistive-technology\/sweden\/\" target=\"_blank\">Tobii (SVE) AKK, bla Sono Flex<\/a><\/h5>\n<p><\/p>","protected":false},"excerpt":{"rendered":"<p>Bovallius ammattiopisto, Ammativiittomat Handlaget rf, finlandssvenska tecken Communicate: SymWriter, Inprint, By Choice, Symbolskrift Papunet Kuvapankki Papunet Kuvaty\u00f6kalu Ritade tecken (Sverige) SUVI viittomat Svenskt teckenspr\u00e5kslexikon (Sverige) Svenskt teckenspr\u00e5kslexikon temavis Tobii (SVE) AKK, bla Sono Flex<\/p>\n","protected":false},"author":1,"featured_media":0,"parent":34,"menu_order":0,"comment_status":"closed","ping_status":"closed","template":"content-sidebar-page.php","meta":[],"_links":{"self":[{"href":"https:\/\/www.puheoikeus.fi\/sv\/wp-json\/wp\/v2\/pages\/1766"}],"collection":[{"href":"https:\/\/www.puheoikeus.fi\/sv\/wp-json\/wp\/v2\/pages"}],"about":[{"href":"https:\/\/www.puheoikeus.fi\/sv\/wp-json\/wp\/v2\/types\/page"}],"author":[{"embeddable":true,"href":"https:\/\/www.puheoikeus.fi\/sv\/wp-json\/wp\/v2\/users\/1"}],"replies":[{"embeddable":true,"href":"https:\/\/www.puheoikeus.fi\/sv\/wp-json\/wp\/v2\/comments?post=1766"}],"version-history":[{"count":0,"href":"https:\/\/www.puheoikeus.fi\/sv\/wp-json\/wp\/v2\/pages\/1766\/revisions"}],"up":[{"embeddable":true,"href":"https:\/\/www.puheoikeus.fi\/sv\/wp-json\/wp\/v2\/pages\/34"}],"wp:attachment":[{"href":"https:\/\/www.puheoikeus.fi\/sv\/wp-json\/wp\/v2\/media?parent=1766"}],"curies":[{"name":"wp","href":"https:\/\/api.w.org\/{rel}","templated":true}]}}