{"id":1330,"date":"2013-02-12T18:46:59","date_gmt":"2013-02-12T16:46:59","guid":{"rendered":"http:\/\/www.puheoikeus.fi\/?page_id=1330"},"modified":"2013-03-10T14:13:56","modified_gmt":"2013-03-10T12:13:56","slug":"palvelusuunnitelma","status":"publish","type":"page","link":"https:\/\/www.puheoikeus.fi\/sv\/palvelusuunnitelma\/","title":{"rendered":"Serviceplan"},"content":{"rendered":"<p>Vi hj\u00e4lper till med att f\u00f6rbereda serviceavtalet f\u00f6r handikappade och kommer vid behov med till f\u00f6rhandlingarna. Vi st\u00f6der familjerna i r\u00e4ttelseyrkanden, klagom\u00e5l och besv\u00e4r.<\/p>\n<p>Vi hj\u00e4lper funktionshindrade och deras anh\u00f6riga i juridiska fr\u00e5gor och konsulterar beslutsfattare i handikappservicefr\u00e5gor.<\/p>","protected":false},"excerpt":{"rendered":"<p>Vi hj\u00e4lper till med att f\u00f6rbereda serviceavtalet f\u00f6r handikappade och kommer vid behov med till f\u00f6rhandlingarna. Vi st\u00f6der familjerna i r\u00e4ttelseyrkanden, klagom\u00e5l och besv\u00e4r. Vi hj\u00e4lper funktionshindrade och deras anh\u00f6riga i juridiska fr\u00e5gor och konsulterar beslutsfattare i handikappservicefr\u00e5gor.<\/p>\n","protected":false},"author":1,"featured_media":0,"parent":0,"menu_order":0,"comment_status":"closed","ping_status":"open","template":"content-sidebar-page.php","meta":[],"_links":{"self":[{"href":"https:\/\/www.puheoikeus.fi\/sv\/wp-json\/wp\/v2\/pages\/1330"}],"collection":[{"href":"https:\/\/www.puheoikeus.fi\/sv\/wp-json\/wp\/v2\/pages"}],"about":[{"href":"https:\/\/www.puheoikeus.fi\/sv\/wp-json\/wp\/v2\/types\/page"}],"author":[{"embeddable":true,"href":"https:\/\/www.puheoikeus.fi\/sv\/wp-json\/wp\/v2\/users\/1"}],"replies":[{"embeddable":true,"href":"https:\/\/www.puheoikeus.fi\/sv\/wp-json\/wp\/v2\/comments?post=1330"}],"version-history":[{"count":0,"href":"https:\/\/www.puheoikeus.fi\/sv\/wp-json\/wp\/v2\/pages\/1330\/revisions"}],"wp:attachment":[{"href":"https:\/\/www.puheoikeus.fi\/sv\/wp-json\/wp\/v2\/media?parent=1330"}],"curies":[{"name":"wp","href":"https:\/\/api.w.org\/{rel}","templated":true}]}}