{"id":1309,"date":"2013-02-12T17:05:22","date_gmt":"2013-02-12T15:05:22","guid":{"rendered":"http:\/\/www.puheoikeus.fi\/?page_id=1309"},"modified":"2013-05-01T19:08:04","modified_gmt":"2013-05-01T16:08:04","slug":"viittomat-ja-kommunikaatio-aac","status":"publish","type":"page","link":"https:\/\/www.puheoikeus.fi\/sv\/viittomat-ja-kommunikaatio-aac\/","title":{"rendered":"Tecken och kommunikation (AKK)"},"content":{"rendered":"<p>Vi erbjuder anpassningstr\u00e4ning i tecken och i kommunikation inom ramen f\u00f6r Handikappservicelagen inom huvudstadsregionen (Finland) i f\u00f6rsta hand f\u00f6r autistiska och\/eller utvecklingsst\u00f6rda barn och deras anh\u00f6riga. Vi l\u00e4r ut finska och finlandssvenska tecken, vid behov \u00e4ven rikssvenska, \u00e5t familjer med hemspr\u00e5ket (eller f\u00f6r oss gemensamma spr\u00e5ket) svenska, finska, engelska, tyska eller franska.. I m\u00e5n av m\u00f6jlighet erbjuder vi undervisning \u00e4ven \u00e5t andra personer med gravt talhandikapp.<\/p>\n<p><img loading=\"lazy\" class=\"alignleft size-full wp-image-1140\" alt=\"AAC as symbols Puheoikeus Terry GRAHN\" src=\"http:\/\/www.puheoikeus.fi\/wp-content\/uploads\/2013\/02\/AAC-as-symbols-Puheoikeus-Terry-GRAHN.png\" width=\"479\" height=\"75\" srcset=\"https:\/\/www.puheoikeus.fi\/wp-content\/uploads\/2013\/02\/AAC-as-symbols-Puheoikeus-Terry-GRAHN.png 479w, https:\/\/www.puheoikeus.fi\/wp-content\/uploads\/2013\/02\/AAC-as-symbols-Puheoikeus-Terry-GRAHN-300x46.png 300w\" sizes=\"(max-width: 479px) 100vw, 479px\" \/><\/p>","protected":false},"excerpt":{"rendered":"<p>Vi erbjuder anpassningstr\u00e4ning i tecken och i kommunikation inom ramen f\u00f6r Handikappservicelagen inom huvudstadsregionen (Finland) i f\u00f6rsta hand f\u00f6r autistiska och\/eller utvecklingsst\u00f6rda barn och deras anh\u00f6riga. Vi l\u00e4r ut finska och finlandssvenska tecken, vid behov \u00e4ven rikssvenska, \u00e5t familjer med<span class=\"ellipsis\">&hellip;<\/span><\/p>\n<div class=\"read-more\"><a href=\"https:\/\/www.puheoikeus.fi\/sv\/viittomat-ja-kommunikaatio-aac\/\">L\u00e4s mer &#8250;<\/a><\/div>\n<p><!-- end of .read-more --><\/p>\n","protected":false},"author":1,"featured_media":0,"parent":0,"menu_order":0,"comment_status":"closed","ping_status":"open","template":"content-sidebar-page.php","meta":[],"_links":{"self":[{"href":"https:\/\/www.puheoikeus.fi\/sv\/wp-json\/wp\/v2\/pages\/1309"}],"collection":[{"href":"https:\/\/www.puheoikeus.fi\/sv\/wp-json\/wp\/v2\/pages"}],"about":[{"href":"https:\/\/www.puheoikeus.fi\/sv\/wp-json\/wp\/v2\/types\/page"}],"author":[{"embeddable":true,"href":"https:\/\/www.puheoikeus.fi\/sv\/wp-json\/wp\/v2\/users\/1"}],"replies":[{"embeddable":true,"href":"https:\/\/www.puheoikeus.fi\/sv\/wp-json\/wp\/v2\/comments?post=1309"}],"version-history":[{"count":0,"href":"https:\/\/www.puheoikeus.fi\/sv\/wp-json\/wp\/v2\/pages\/1309\/revisions"}],"wp:attachment":[{"href":"https:\/\/www.puheoikeus.fi\/sv\/wp-json\/wp\/v2\/media?parent=1309"}],"curies":[{"name":"wp","href":"https:\/\/api.w.org\/{rel}","templated":true}]}}