{"id":1296,"date":"2013-02-11T18:04:16","date_gmt":"2013-02-11T16:04:16","guid":{"rendered":"http:\/\/www.puheoikeus.fi\/?page_id=1296"},"modified":"2013-05-01T19:02:52","modified_gmt":"2013-05-01T16:02:52","slug":"aac-erityispedagogiikka","status":"publish","type":"page","link":"https:\/\/www.puheoikeus.fi\/sv\/aac-erityispedagogiikka\/","title":{"rendered":"AKK-specialpedagogik\u00a9"},"content":{"rendered":"<p>Vi konsulterar, undervisar och handleder sakkunniga anst\u00e4llda och anh\u00f6riga, skolor, organisationer och beslutsfattare i AKK-specialpedagogik (\u00a9Terry Grahn) och vi utvecklar vardagen med h\u00e4nsyn till AKK.<\/p>\n<p>V\u00e5rt merv\u00e4rde ligger i teckenkunnandet och i kompetensen kring alternativa och kompletterande kommunikationsmetoder och i hur dessa kan hj\u00e4lpa individen i att bryta l\u00e4skoden, utveckla spr\u00e5kbruket, hantera interaktion och kommunikation, inom ADL och i att l\u00e4ra sig akademiska \u00e4mnen.<\/p>\n<p><img loading=\"lazy\" class=\"alignleft size-full wp-image-1648\" alt=\"AAC-spec-ed-erityisopetus-AKK-spec-ped-Puheoikeus-Terry-GRAHN\" src=\"http:\/\/www.puheoikeus.fi\/wp-content\/uploads\/2013\/04\/AAC-spec-ed-erityisopetus-AKK-spec-ped-Puheoikeus-Terry-GRAHN.png\" width=\"414\" height=\"64\" srcset=\"https:\/\/www.puheoikeus.fi\/wp-content\/uploads\/2013\/04\/AAC-spec-ed-erityisopetus-AKK-spec-ped-Puheoikeus-Terry-GRAHN.png 414w, https:\/\/www.puheoikeus.fi\/wp-content\/uploads\/2013\/04\/AAC-spec-ed-erityisopetus-AKK-spec-ped-Puheoikeus-Terry-GRAHN-300x46.png 300w\" sizes=\"(max-width: 414px) 100vw, 414px\" \/><\/p>","protected":false},"excerpt":{"rendered":"<p>Vi konsulterar, undervisar och handleder sakkunniga anst\u00e4llda och anh\u00f6riga, skolor, organisationer och beslutsfattare i AKK-specialpedagogik (\u00a9Terry Grahn) och vi utvecklar vardagen med h\u00e4nsyn till AKK. V\u00e5rt merv\u00e4rde ligger i teckenkunnandet och i kompetensen kring alternativa och kompletterande kommunikationsmetoder och i<span class=\"ellipsis\">&hellip;<\/span><\/p>\n<div class=\"read-more\"><a href=\"https:\/\/www.puheoikeus.fi\/sv\/aac-erityispedagogiikka\/\">L\u00e4s mer &#8250;<\/a><\/div>\n<p><!-- end of .read-more --><\/p>\n","protected":false},"author":1,"featured_media":0,"parent":0,"menu_order":0,"comment_status":"closed","ping_status":"open","template":"content-sidebar-page.php","meta":[],"_links":{"self":[{"href":"https:\/\/www.puheoikeus.fi\/sv\/wp-json\/wp\/v2\/pages\/1296"}],"collection":[{"href":"https:\/\/www.puheoikeus.fi\/sv\/wp-json\/wp\/v2\/pages"}],"about":[{"href":"https:\/\/www.puheoikeus.fi\/sv\/wp-json\/wp\/v2\/types\/page"}],"author":[{"embeddable":true,"href":"https:\/\/www.puheoikeus.fi\/sv\/wp-json\/wp\/v2\/users\/1"}],"replies":[{"embeddable":true,"href":"https:\/\/www.puheoikeus.fi\/sv\/wp-json\/wp\/v2\/comments?post=1296"}],"version-history":[{"count":0,"href":"https:\/\/www.puheoikeus.fi\/sv\/wp-json\/wp\/v2\/pages\/1296\/revisions"}],"wp:attachment":[{"href":"https:\/\/www.puheoikeus.fi\/sv\/wp-json\/wp\/v2\/media?parent=1296"}],"curies":[{"name":"wp","href":"https:\/\/api.w.org\/{rel}","templated":true}]}}