{"id":1193,"date":"2013-02-10T18:25:51","date_gmt":"2013-02-10T16:25:51","guid":{"rendered":"http:\/\/www.puheoikeus.fi\/?page_id=1193"},"modified":"2013-04-15T09:36:42","modified_gmt":"2013-04-15T06:36:42","slug":"mediassa","status":"publish","type":"page","link":"https:\/\/www.puheoikeus.fi\/sv\/mediassa\/","title":{"rendered":"I media"},"content":{"rendered":"<p>Puheoikeus.fi (= yttrander\u00e4tt) syns i media via debatt- och faktaartiklar och sakkunnigintervjuer.<\/p>\n<p>Vi deltar i debatten f\u00f6r att p\u00e5verka opinionen och skapa debatt bland politiker, tj\u00e4nstem\u00e4n och den breda allm\u00e4nheten kring omsorg, handikappservice och ett (full)v\u00e4rdigt liv. Vi lyfter fram de gravt talhandikappades, autisternas, de utvecklingsst\u00f6rdas j\u00e4mte familjernas vardag.<\/p>\n<p>Genom faktaartiklar deltar vi i utvecklandet av ett multiprofessionellt kunnande inom alternativ och kompletterande kommunikation (AKK), specialpedagogik, teckenkompetens, habilitering, serviceplaner, omsorg, bem\u00f6tande och n\u00e4rst\u00e5endev\u00e5rd. Utg\u00e5ngspunkten ligger i FN:s konvention om m\u00e4nskliga r\u00e4ttigheter f\u00f6r funktionshindrade (UN Enable).<\/p>\n<p>Faktaartiklarna finns ofta i liknande form p\u00e5 finska och svenska (och engelska), men vi \u00f6vers\u00e4tter inte artiklarna f\u00f6r webben. F\u00f6r den som anv\u00e4nder Google Translate eller liknande, kan vi inte garantera att \u00f6vers\u00e4ttningen blir felfri. I m\u00e5n av m\u00f6jlighet skriver vi en kort resum\u00e9 p\u00e5 de \u00f6vriga spr\u00e5ken p\u00e5 respektive spr\u00e5ks sida.<\/p>\n<p>Det som publicerats i andra medier listas i spalten till h\u00f6ger p\u00e5 denna sida. Ytterligare fakta- och debattartiklar finns p\u00e5 hemsidan, i bloggdelen och under v\u00e5rt namn p\u00e5 LinkedIn, Facebook och Google+. Vi finns \u00e4ven p\u00e5 Twitter under namnet @AAC_Terry. Vi skriver i f\u00f6rsta hand p\u00e5 finska, svenska och engelska, i n\u00e5gon m\u00e5n \u00e4ven p\u00e5 franska och tyska.<\/p>","protected":false},"excerpt":{"rendered":"<p>Puheoikeus.fi (= yttrander\u00e4tt) syns i media via debatt- och faktaartiklar och sakkunnigintervjuer. Vi deltar i debatten f\u00f6r att p\u00e5verka opinionen och skapa debatt bland politiker, tj\u00e4nstem\u00e4n och den breda allm\u00e4nheten kring omsorg, handikappservice och ett (full)v\u00e4rdigt liv. Vi lyfter fram<span class=\"ellipsis\">&hellip;<\/span><\/p>\n<div class=\"read-more\"><a href=\"https:\/\/www.puheoikeus.fi\/sv\/mediassa\/\">L\u00e4s mer &#8250;<\/a><\/div>\n<p><!-- end of .read-more --><\/p>\n","protected":false},"author":1,"featured_media":0,"parent":0,"menu_order":0,"comment_status":"closed","ping_status":"open","template":"content-sidebar-page.php","meta":[],"_links":{"self":[{"href":"https:\/\/www.puheoikeus.fi\/sv\/wp-json\/wp\/v2\/pages\/1193"}],"collection":[{"href":"https:\/\/www.puheoikeus.fi\/sv\/wp-json\/wp\/v2\/pages"}],"about":[{"href":"https:\/\/www.puheoikeus.fi\/sv\/wp-json\/wp\/v2\/types\/page"}],"author":[{"embeddable":true,"href":"https:\/\/www.puheoikeus.fi\/sv\/wp-json\/wp\/v2\/users\/1"}],"replies":[{"embeddable":true,"href":"https:\/\/www.puheoikeus.fi\/sv\/wp-json\/wp\/v2\/comments?post=1193"}],"version-history":[{"count":0,"href":"https:\/\/www.puheoikeus.fi\/sv\/wp-json\/wp\/v2\/pages\/1193\/revisions"}],"wp:attachment":[{"href":"https:\/\/www.puheoikeus.fi\/sv\/wp-json\/wp\/v2\/media?parent=1193"}],"curies":[{"name":"wp","href":"https:\/\/api.w.org\/{rel}","templated":true}]}}