{"id":1063,"date":"2013-01-05T11:28:57","date_gmt":"2013-01-05T09:28:57","guid":{"rendered":"http:\/\/www.puheoikeus.fi\/?p=1063"},"modified":"2013-02-11T02:38:03","modified_gmt":"2013-02-11T00:38:03","slug":"erityisopettaja-fi-tecken-och-akk-i-lexia-en-revolution-inom-specialundervisningen-ruotsiksi","status":"publish","type":"page","link":"https:\/\/www.puheoikeus.fi\/sv\/mediassa\/erityisopettaja-fi-tecken-och-akk-i-lexia-en-revolution-inom-specialundervisningen-ruotsiksi\/","title":{"rendered":"Erityisopettaja.fi &#8211; Tecken och AKK i Lexia, en revolution inom specialundervisningen (SWE)"},"content":{"rendered":"<p>Under \u00e5rens lopp har vi inom specialundervisningen f\u00f6r (icke-talande och talande) barn med autism och\/eller kognitiva funktionshinder anv\u00e4nt oss av manuella metoder i stil med lamierade kort f\u00f6r l\u00e4skod, satskonstruktion, matematik, teckenundervisning och logik. Det \u00e4r l\u00e5ngsamma metoder att producera, men \u00e4nnu l\u00e5ngsammare \u00e4r de att leverera i vardagen. Barnens koncentration, uppgiftsm\u00e4ngden och variationen lider. Det blir l\u00e4tt s\u00e5 att vi cementerar barnen p\u00e5 en l\u00e4gre niv\u00e5 \u00e4n de sj\u00e4lva \u00e4r.<\/p>\n<p>V\u00e5r metod har \u00f6kat outputen i specialundervisningen 40\u201380\u2013250-falt (-falt, inte %) per m\u00e5nad, allts\u00e5 tv\u00e5tusenfalt p\u00e5 \u00e5rsniv\u00e5. Resultaten har varit sl\u00e5ende med en enda timme om dagen d\u00e5 undervisningen datoriserats tecken och AKK\/AAC i Lexia. S\u00e5 h\u00e4r kunde man med r\u00e4tt enkla medel r\u00e5da bot p\u00e5 den totala skolmaterialbristen f\u00f6r dem som har AKK (AAC) som f\u00f6rstaspr\u00e5k.<\/p>\n<p><a href=\"http:\/\/www.erityisopettaja.fi\/tecken-och-akk-i-lexia-en-revolution-inom-specialundervisningen-2\" target=\"_blank\">www.erityisopettaja.fi\/tecken-och-akk-i-lexia-en-revolution-inom-specialundervisningen-2<\/a><\/p>","protected":false},"excerpt":{"rendered":"<p>Under \u00e5rens lopp har vi inom specialundervisningen f\u00f6r (icke-talande och talande) barn med autism och\/eller kognitiva funktionshinder anv\u00e4nt oss av manuella metoder i stil med lamierade kort f\u00f6r l\u00e4skod, satskonstruktion, matematik, teckenundervisning och logik. Det \u00e4r l\u00e5ngsamma metoder att producera,<span class=\"ellipsis\">&hellip;<\/span><\/p>\n<div class=\"read-more\"><a href=\"https:\/\/www.puheoikeus.fi\/sv\/mediassa\/erityisopettaja-fi-tecken-och-akk-i-lexia-en-revolution-inom-specialundervisningen-ruotsiksi\/\">L\u00e4s mer &#8250;<\/a><\/div>\n<p><!-- end of .read-more --><\/p>\n","protected":false},"author":3,"featured_media":0,"parent":1193,"menu_order":0,"comment_status":"closed","ping_status":"open","template":"content-sidebar-page.php","meta":[],"_links":{"self":[{"href":"https:\/\/www.puheoikeus.fi\/sv\/wp-json\/wp\/v2\/pages\/1063"}],"collection":[{"href":"https:\/\/www.puheoikeus.fi\/sv\/wp-json\/wp\/v2\/pages"}],"about":[{"href":"https:\/\/www.puheoikeus.fi\/sv\/wp-json\/wp\/v2\/types\/page"}],"author":[{"embeddable":true,"href":"https:\/\/www.puheoikeus.fi\/sv\/wp-json\/wp\/v2\/users\/3"}],"replies":[{"embeddable":true,"href":"https:\/\/www.puheoikeus.fi\/sv\/wp-json\/wp\/v2\/comments?post=1063"}],"version-history":[{"count":0,"href":"https:\/\/www.puheoikeus.fi\/sv\/wp-json\/wp\/v2\/pages\/1063\/revisions"}],"up":[{"embeddable":true,"href":"https:\/\/www.puheoikeus.fi\/sv\/wp-json\/wp\/v2\/pages\/1193"}],"wp:attachment":[{"href":"https:\/\/www.puheoikeus.fi\/sv\/wp-json\/wp\/v2\/media?parent=1063"}],"curies":[{"name":"wp","href":"https:\/\/api.w.org\/{rel}","templated":true}]}}