{"id":46,"date":"2012-04-23T16:13:22","date_gmt":"2012-04-23T16:13:22","guid":{"rendered":"http:\/\/puheoikeus.fi\/?page_id=46"},"modified":"2013-04-17T11:45:42","modified_gmt":"2013-04-17T08:45:42","slug":"tietoa-meista","status":"publish","type":"page","link":"https:\/\/www.puheoikeus.fi\/fr\/tietoa-meista\/","title":{"rendered":"Sur nous"},"content":{"rendered":"<p>Notre comp\u00e9tence provient des plusieurs dipl\u00f4mes, un travail multidisclipinaire et de l&rsquo;\u00e9xperience authentique de la vie quotidien dans des familles sp\u00e9ciaux. Nous aspirons \u00e0 2 + 2 = 6, \u00e0 la valeur ajout\u00e9e pour les personnes handicap\u00e9es, les fonctionnaires, les politiciens et pour les familles.<\/p>\n<p>Nous prenons part dans la d\u00e9veloppement d&rsquo;une compet\u00e9nce multiprofessionelle surtout dans la Communication Am\u00e9lior\u00e9e et Alternative CAA, l&rsquo;\u00e9ducation sp\u00e9cialis\u00e9e, l&rsquo;utilisation des signes, les services sociaux, l&rsquo;habilitation, l&rsquo;accueil et le soutien aux familles. Nous soutenons  les personnes ayant la capacit\u00e9 de communiquer (parler) alt\u00e9r\u00e9e, les personnes atteintes de l&rsquo;autisme, les personnes ayant un handicap cognitif et leur famille dans leur vie quotidienne, leurs droits et leurs int\u00e9r\u00eats. Nous offrons des conseils, des consultations, de l&rsquo;\u00e9ducation, des materiaux, du d\u00e9veloppement, de l&rsquo;influence, des n\u00e9gociations, de l&rsquo;arbitrage et des consultations juridiques pour nos clients: des experts (m\u00e9decins, enseignants, services sociaux, th\u00e9rapeutes), des personnes handicap\u00e9es, des familles et des organisations, des fonctionnaires, des politiciens et le public. L&rsquo;objectif est une vie en toute dignit\u00e9 \u00e9galement pour les personnes handicap\u00e9es.<\/p>\n<p>Nos articles d&rsquo;\u00e9xpertise sont presque pareils en finnois et en su\u00e8dois (et en anglais), mais nous ne les traduisons pas pour le web. Une traduction par Google Translate ne vous donnerais pas n\u00e9cessairement un r\u00e9sultat correct. Dans la mesure ou nous avons de la possibilit\u00e9, nous vous en donnerons un resum\u00e9 dans les autres langues sur les sites respectifs.<\/p>\n<p>Vous trouvez nos articles publi\u00e9s ailleurs et nos articles de d\u00e9bat et d&rsquo;expertise suppl\u00e9mentaires (sous \u201dDans les m\u00e9dias\u201d) sur notre web, dans le blog de notre site et sous notre nom  HYPERLINK \u00ab\u00a0http:\/\/puheoikeus.fi\/\u00a0\u00bbpuheoikeus.fi sur LinkedIn, Facebook et Google+. Vous nous trouverez aussi sur Twitter comme @AAC_Terry. La plupart de nos articles sont publi\u00e9s en finnois, su\u00e8dois et en anglais, mais parfois aussi en fran\u00e7ais et en allemand.<\/p>\n<h4>Terry Grahn<\/h4>\n<p>est sp\u00e9cialis\u00e9e en science du comportement et en l&rsquo;\u00e9ducation sp\u00e9cialis\u00e9e, MBA(Henley) et infirmi\u00e8re sp\u00e9cialis\u00e9e. Terry Grahn est l&rsquo;auteur de la CAA \u00e9ducation sp\u00e9cialis\u00e9e \u00a9 (AAC Special Education\u00a9). Elle donne des cours, \u00e9crit, discute et influence les processus concernant la Communication Am\u00e9lior\u00e9e et Alternative (CAA), l&rsquo;\u00e9ducation sp\u00e9cialis\u00e9e, le droit d&rsquo;\u00e9xpression, l&rsquo;utilisation des signes, les services socieaux, l&rsquo;habilitation, l&rsquo;accueil et le soutien aux familles. Son comp\u00e9tence est un r\u00e9sult d&rsquo;un experience multiprofessionelle ainsi que de la vie de m\u00e8re d&rsquo;un enfant nuit \u00e0 la capacit\u00e9 de parler, ayant de l&rsquo;autisme et un handicap cognitif.<\/p>","protected":false},"excerpt":{"rendered":"<p>Notre comp\u00e9tence provient des plusieurs dipl\u00f4mes, un travail multidisclipinaire et de l&rsquo;\u00e9xperience authentique de la vie quotidien dans des familles sp\u00e9ciaux. Nous aspirons \u00e0 2 + 2 = 6, \u00e0 la valeur ajout\u00e9e pour les personnes handicap\u00e9es, les fonctionnaires, les<span class=\"ellipsis\">&hellip;<\/span><\/p>\n<div class=\"read-more\"><a href=\"https:\/\/www.puheoikeus.fi\/fr\/tietoa-meista\/\">Lire la suite &#8250;<\/a><\/div>\n<p><!-- end of .read-more --><\/p>\n","protected":false},"author":3,"featured_media":0,"parent":0,"menu_order":0,"comment_status":"closed","ping_status":"closed","template":"content-sidebar-page.php","meta":[],"_links":{"self":[{"href":"https:\/\/www.puheoikeus.fi\/fr\/wp-json\/wp\/v2\/pages\/46"}],"collection":[{"href":"https:\/\/www.puheoikeus.fi\/fr\/wp-json\/wp\/v2\/pages"}],"about":[{"href":"https:\/\/www.puheoikeus.fi\/fr\/wp-json\/wp\/v2\/types\/page"}],"author":[{"embeddable":true,"href":"https:\/\/www.puheoikeus.fi\/fr\/wp-json\/wp\/v2\/users\/3"}],"replies":[{"embeddable":true,"href":"https:\/\/www.puheoikeus.fi\/fr\/wp-json\/wp\/v2\/comments?post=46"}],"version-history":[{"count":0,"href":"https:\/\/www.puheoikeus.fi\/fr\/wp-json\/wp\/v2\/pages\/46\/revisions"}],"wp:attachment":[{"href":"https:\/\/www.puheoikeus.fi\/fr\/wp-json\/wp\/v2\/media?parent=46"}],"curies":[{"name":"wp","href":"https:\/\/api.w.org\/{rel}","templated":true}]}}