{"id":1747,"date":"2013-04-23T17:14:09","date_gmt":"2013-04-23T14:14:09","guid":{"rendered":"http:\/\/www.puheoikeus.fi\/?page_id=1747"},"modified":"2013-05-03T18:36:32","modified_gmt":"2013-05-03T15:36:32","slug":"jarjestot-suomi-ja-pohjola","status":"publish","type":"page","link":"https:\/\/www.puheoikeus.fi\/fr\/linkit\/jarjestot-suomi-ja-pohjola\/","title":{"rendered":"J\u00e4rjest\u00f6t, Suomi ja Pohjola"},"content":{"rendered":"<p><\/p>\n<h5><a href=\"http:\/\/aspa.fi\" target=\"_blank\">ASPA<\/a><\/h5>\n<h5><a href=\"http:\/\/aspapalvelut.fi\" target=\"_blank\">ASPA Palvelut<\/a><\/h5>\n<h5><a href=\"http:\/\/www.autismforum.se\/gn\/opencms\/web\/AF\/Vad_kan_man_gora\/alternativ_kompletterande_kommunikation\/\" target=\"_blank\">Autismforum Stockholms l\u00e4ns landsting<\/a><\/h5>\n<h5><a href=\"http:\/\/www.autismiliitto.fi\" target=\"_blank\">Autismi- ja Aspergerliitto ry<\/a><\/h5>\n<h5><a href=\"http:\/\/www.suomenautismiyhdistys.com\" target=\"_blank\">Suomen Autismiyhdistys Autismf\u00f6reningen i Finland<\/a><\/h5>\n<h5><a href=\"http:\/\/www.bamsegruppen.org\" target=\"_blank\">Bamsegruppen<\/a><\/h5>\n<h5><a href=\"http:\/\/www.duv.fi\" target=\"_blank\">De Utvecklingsst\u00f6rdas V\u00e4l<\/a><\/h5>\n<h5><a href=\"http:\/\/fduv.fi\/start\" target=\"_blank\">F\u00f6rbundet De Utvecklingsst\u00f6rdas V\u00e4l<\/a><\/h5>\n<h5><a href=\"http:\/\/www.fskompetenscentret.fi\/index.php?target=WebPage&#038;action=show&#038;cms[id]=1\" target=\"_blank\">Det finlandssvenska kompetenscentret inom det sociala omr\u00e5det<\/a><\/h5>\n<h5><a href=\"http:\/\/www.fubbloggen.se\" target=\"_blank\">FUB bloggen, Sverige<\/a><\/h5>\n<h5><a href=\"http:\/\/4bt.fi\" target=\"_blank\">Fyra betydelsefulla timmar<\/a><\/h5>\n<h5><a href=\"http:\/\/www.facebook.com\/ihmisoikeudet.vammaisten.arkeen\" target=\"_blank\">Ihmisoikeudet vammaisen arkeen<\/a><\/h5>\n<h5><a href=\"http:\/\/www.isaac.no\" target=\"_blank\">ISAAC Norge<\/a><\/h5>\n<h5><a href=\"http:\/\/www.jaatinen.info\" target=\"_blank\">Jaatinen, Vammaisperheiden monitoimikeskus<\/a><\/h5>\n<h5><a href=\"http:\/\/www.jag.se\" target=\"_blank\">Personlig assistans (Sverige)<\/a><\/h5>\n<h5><a href=\"http:\/\/www.kehitysvammaliitto.fi\/suomeksi\/etusivu\" target=\"_blank\">Kehitysvammaliitto<\/a><\/h5>\n<h5><a href=\"http:\/\/www.kvtl.fi\" target=\"_blank\">Kehitysvammaisten Tukiliitto<\/a><\/h5>\n<h5><a href=\"http:\/\/www.karkulla.fi\" target=\"_blank\">K\u00e5rkulla samkommun<\/a><\/h5>\n<h5><a href=\"http:\/\/www.lapsiasia.fi\" target=\"_blank\">Lapsiasiavaltuutettu Barnombudsmannen<\/a><\/h5>\n<h5><a href=\"http:\/\/www.leijonaemot.fi\" target=\"_blank\">Leijonaemot<\/a><\/h5>\n<h5><a href=\"http:\/\/larmiljoer.fi\" target=\"_blank\">L\u00e4rmilj\u00f6er och internationalisering<\/a><\/h5>\n<h5><a href=\"http:\/\/www.misa.se\" target=\"_blank\">Metoder f\u00f6r individuellt st\u00f6d i arbetet (Sverige)<\/a><\/h5>\n<h5><a href=\"http:\/\/www.omaishoitajat.fi\" target=\"_blank\">Omaishoitajat ja l\u00e4heiset-liitto<\/a><\/h5>\n<h5><a href=\"http:\/\/www.oph.fi\" target=\"_blank\">Opetushallitus \u2013 Utbildningsstyrelsen<\/a><\/h5>\n<h5><a href=\"http:\/\/www.samsnet.fi\" target=\"_blank\">Samarbetsf\u00f6rbundet kring funktionshinder<\/a><\/h5>\n<h5><a href=\"http:\/\/www.speres.fi\" target=\"_blank\">SPERES \u2013 finlandssvenska specialpedagogiskt resurscentrum<\/a><\/h5>\n<h5><a href=\"http:\/\/www.spsm.se\" target=\"_blank\">Specialpedagogiska skolmyndigheten (Sverige)<\/a><\/h5>\n<h5><a href=\"http:\/\/www.vamlas.fi\" target=\"_blank\">Vammaisten lasten ja nuorten tukis\u00e4\u00e4ti\u00f6<\/a><\/h5>\n<h5><a href=\"http:\/\/vammaispalveluhanke.eteva.fi\" target=\"_blank\">Vammaispalveluhanke KASTE<\/a><\/h5>\n<h5><a href=\"http:\/\/www.sosiaaliportti.fi\/fi-fi\/vammaispalvelujen-kasikirja\" target=\"_blank\">Vammaispalvelujen K\u00e4sikirja<\/a><\/h5>\n<p><\/p>","protected":false},"excerpt":{"rendered":"<p>ASPA ASPA Palvelut Autismforum Stockholms l\u00e4ns landsting Autismi- ja Aspergerliitto ry Suomen Autismiyhdistys Autismf\u00f6reningen i Finland Bamsegruppen De Utvecklingsst\u00f6rdas V\u00e4l F\u00f6rbundet De Utvecklingsst\u00f6rdas V\u00e4l Det finlandssvenska kompetenscentret inom det sociala omr\u00e5det FUB bloggen, Sverige Fyra betydelsefulla timmar Ihmisoikeudet vammaisen arkeen<span class=\"ellipsis\">&hellip;<\/span><\/p>\n<div class=\"read-more\"><a href=\"https:\/\/www.puheoikeus.fi\/fr\/linkit\/jarjestot-suomi-ja-pohjola\/\">Lire la suite &#8250;<\/a><\/div>\n<p><!-- end of .read-more --><\/p>\n","protected":false},"author":1,"featured_media":0,"parent":34,"menu_order":0,"comment_status":"closed","ping_status":"closed","template":"content-sidebar-page.php","meta":[],"_links":{"self":[{"href":"https:\/\/www.puheoikeus.fi\/fr\/wp-json\/wp\/v2\/pages\/1747"}],"collection":[{"href":"https:\/\/www.puheoikeus.fi\/fr\/wp-json\/wp\/v2\/pages"}],"about":[{"href":"https:\/\/www.puheoikeus.fi\/fr\/wp-json\/wp\/v2\/types\/page"}],"author":[{"embeddable":true,"href":"https:\/\/www.puheoikeus.fi\/fr\/wp-json\/wp\/v2\/users\/1"}],"replies":[{"embeddable":true,"href":"https:\/\/www.puheoikeus.fi\/fr\/wp-json\/wp\/v2\/comments?post=1747"}],"version-history":[{"count":0,"href":"https:\/\/www.puheoikeus.fi\/fr\/wp-json\/wp\/v2\/pages\/1747\/revisions"}],"up":[{"embeddable":true,"href":"https:\/\/www.puheoikeus.fi\/fr\/wp-json\/wp\/v2\/pages\/34"}],"wp:attachment":[{"href":"https:\/\/www.puheoikeus.fi\/fr\/wp-json\/wp\/v2\/media?parent=1747"}],"curies":[{"name":"wp","href":"https:\/\/api.w.org\/{rel}","templated":true}]}}