{"id":1193,"date":"2013-02-10T18:25:51","date_gmt":"2013-02-10T16:25:51","guid":{"rendered":"http:\/\/www.puheoikeus.fi\/?page_id=1193"},"modified":"2013-04-15T09:36:42","modified_gmt":"2013-04-15T06:36:42","slug":"mediassa","status":"publish","type":"page","link":"https:\/\/www.puheoikeus.fi\/fr\/mediassa\/","title":{"rendered":"Dans les m\u00e9dias"},"content":{"rendered":"<p>Puheoikeus.fi (le droit d&rsquo;expression) est pr\u00e9sent dans les m\u00e9dias au travers de discussions publiques, d&rsquo;articles et d&rsquo;interviews de sp\u00e9cialistes.<\/p>\n<p>Nous prenons part dans les discussions publiques pour mieux influencer l&rsquo;opinion et pour cr\u00e9er un d\u00e9bat entre politiciens, fonctionnaires et le public sur les soins et les services sociaux pour les personnes handicap\u00e9es, ainsi qu&rsquo;une vie en toute dignit\u00e9 aussi.<\/p>\n<p>Nous soutenons les personnes ayant la capacit\u00e9 de communiquer (parler) alt\u00e9r\u00e9e, les personnes atteintes de l&rsquo;autisme, les personnes ayant un handicap cognitif et de leur famille dans leur vie quotidienne, leurs droits et leurs int\u00e9r\u00eats.<br \/>\nPar les articles sp\u00e9cialis\u00e9s, nous prenons part dans le developpement d&rsquo;une compet\u00e9nce multiprofessionelle surtout dans la Communication Am\u00e9lior\u00e9e et Alternative (CAA, AAC), la p\u00e9dagogie specialis\u00e9e, l&rsquo;utilisation des signes, l&rsquo;habilitation, les plans de l&rsquo;aide sociale, l&rsquo;accueil et le soutien \u00e0 la famille. Les droits des personnes handicap\u00e9es (ONU Enable) constituent le point de d\u00e9part de notre travail.<\/p>\n<p>Les articles d&rsquo;\u00e9xpertise sont presque pareils en finnois et en su\u00e8dois (et en anglais), mais nous ne les traduisons pas pour le web. Une traduction par Google Translate ne vous donnerais pas n\u00e9cessairement un r\u00e9sultat correct. Dans la mesure o\u00f9 nous en avons de la possibilit\u00e9, nous vous donnerons un resum\u00e9 dans les autres langues sur les sites respectifs.<\/p>\n<p>Dans la colonne \u00e0 droite, vous trouvez nos articles publi\u00e9s ailleurs. Les articles de d\u00e9bat et d&rsquo;expertise suppl\u00e9mentaires, vous les trouvez (ici) sur notre site, dans le blog de notre site et sous notre nom puheoikeus.fi sur LinkedIn, Facebook et Google+. Vous nous trouverez aussi sur Twitter comme @AAC_Terry. La plupart de nos articles sont publi\u00e9s en finnois, su\u00e8dois et en anglais, mais parfois aussi en fran\u00e7ais et en allemand.<\/p>","protected":false},"excerpt":{"rendered":"<p>Puheoikeus.fi (le droit d&rsquo;expression) est pr\u00e9sent dans les m\u00e9dias au travers de discussions publiques, d&rsquo;articles et d&rsquo;interviews de sp\u00e9cialistes. Nous prenons part dans les discussions publiques pour mieux influencer l&rsquo;opinion et pour cr\u00e9er un d\u00e9bat entre politiciens, fonctionnaires et le<span class=\"ellipsis\">&hellip;<\/span><\/p>\n<div class=\"read-more\"><a href=\"https:\/\/www.puheoikeus.fi\/fr\/mediassa\/\">Lire la suite &#8250;<\/a><\/div>\n<p><!-- end of .read-more --><\/p>\n","protected":false},"author":1,"featured_media":0,"parent":0,"menu_order":0,"comment_status":"closed","ping_status":"open","template":"content-sidebar-page.php","meta":[],"_links":{"self":[{"href":"https:\/\/www.puheoikeus.fi\/fr\/wp-json\/wp\/v2\/pages\/1193"}],"collection":[{"href":"https:\/\/www.puheoikeus.fi\/fr\/wp-json\/wp\/v2\/pages"}],"about":[{"href":"https:\/\/www.puheoikeus.fi\/fr\/wp-json\/wp\/v2\/types\/page"}],"author":[{"embeddable":true,"href":"https:\/\/www.puheoikeus.fi\/fr\/wp-json\/wp\/v2\/users\/1"}],"replies":[{"embeddable":true,"href":"https:\/\/www.puheoikeus.fi\/fr\/wp-json\/wp\/v2\/comments?post=1193"}],"version-history":[{"count":0,"href":"https:\/\/www.puheoikeus.fi\/fr\/wp-json\/wp\/v2\/pages\/1193\/revisions"}],"wp:attachment":[{"href":"https:\/\/www.puheoikeus.fi\/fr\/wp-json\/wp\/v2\/media?parent=1193"}],"curies":[{"name":"wp","href":"https:\/\/api.w.org\/{rel}","templated":true}]}}