{"id":730,"date":"2012-06-14T10:26:31","date_gmt":"2012-06-14T08:26:31","guid":{"rendered":"http:\/\/www.puheoikeus.fi\/?p=730"},"modified":"2013-02-11T02:46:44","modified_gmt":"2013-02-11T00:46:44","slug":"artikkeli-finlands-kommuntidning-fiktssa","status":"publish","type":"page","link":"https:\/\/www.puheoikeus.fi\/en\/mediassa\/artikkeli-finlands-kommuntidning-fiktssa\/","title":{"rendered":"Finlands kommuntidning FIKT &#8211; Bildst\u00f6dd specialpedagogik ger resultat"},"content":{"rendered":"<p>De icke-talande autisterna,vilkas f\u00f6rsta spr\u00e5k \u00e4r tecken och bildst\u00f6d, har inte en enda skolbok i dag f\u00f6r hela skoltiden, inte utbildade l\u00e4rare heller.<\/p>\n<p>Undervisningen sker p\u00e5 l\u00f6sa lappar, en l\u00e5ngsam och klumpig metod som l\u00e4tt cementerar barnen p\u00e5 en l\u00e5g niv\u00e5. Inom IT \u00e4r m\u00e5lgruppen duktig, men f\u00f6rbig\u00e5s p\u00e5<\/p>\n<p>grund av sina sv\u00e5righeter att kn\u00e4ppa knappar eller v\u00e4nda sidor. I dag finns det bra \u2019appar\u2019 f\u00f6r iPad och program f\u00f6r PC:n, men barnen ramlar mellan tv\u00e5 stolar i kommunen<\/p>\n<p>och f\u00e5r noll apparater trots att deras kommunikation livet ut sker med bokst\u00e4ver eller bilder och talsyntes.<\/p>\n<p><a href=\"http:\/\/www.puheoikeus.fi\/wp-content\/uploads\/2012\/12\/Fikt_5_TG.pdf\" target=\"_blank\">Read more!<\/a><\/p>","protected":false},"excerpt":{"rendered":"<p>De icke-talande autisterna,vilkas f\u00f6rsta spr\u00e5k \u00e4r tecken och bildst\u00f6d, har inte en enda skolbok i dag f\u00f6r hela skoltiden, inte utbildade l\u00e4rare heller. Undervisningen sker p\u00e5 l\u00f6sa lappar, en l\u00e5ngsam och klumpig metod som l\u00e4tt cementerar barnen p\u00e5 en l\u00e5g<span class=\"ellipsis\">&hellip;<\/span><\/p>\n<div class=\"read-more\"><a href=\"https:\/\/www.puheoikeus.fi\/en\/mediassa\/artikkeli-finlands-kommuntidning-fiktssa\/\">Read more &#8250;<\/a><\/div>\n<p><!-- end of .read-more --><\/p>\n","protected":false},"author":2,"featured_media":0,"parent":1193,"menu_order":0,"comment_status":"closed","ping_status":"open","template":"content-sidebar-page.php","meta":[],"_links":{"self":[{"href":"https:\/\/www.puheoikeus.fi\/en\/wp-json\/wp\/v2\/pages\/730"}],"collection":[{"href":"https:\/\/www.puheoikeus.fi\/en\/wp-json\/wp\/v2\/pages"}],"about":[{"href":"https:\/\/www.puheoikeus.fi\/en\/wp-json\/wp\/v2\/types\/page"}],"author":[{"embeddable":true,"href":"https:\/\/www.puheoikeus.fi\/en\/wp-json\/wp\/v2\/users\/2"}],"replies":[{"embeddable":true,"href":"https:\/\/www.puheoikeus.fi\/en\/wp-json\/wp\/v2\/comments?post=730"}],"version-history":[{"count":0,"href":"https:\/\/www.puheoikeus.fi\/en\/wp-json\/wp\/v2\/pages\/730\/revisions"}],"up":[{"embeddable":true,"href":"https:\/\/www.puheoikeus.fi\/en\/wp-json\/wp\/v2\/pages\/1193"}],"wp:attachment":[{"href":"https:\/\/www.puheoikeus.fi\/en\/wp-json\/wp\/v2\/media?parent=730"}],"curies":[{"name":"wp","href":"https:\/\/api.w.org\/{rel}","templated":true}]}}