{"id":2160,"date":"2014-03-04T10:20:02","date_gmt":"2014-03-04T08:20:02","guid":{"rendered":"http:\/\/www.puheoikeus.fi\/?page_id=2160"},"modified":"2014-03-04T10:20:39","modified_gmt":"2014-03-04T08:20:39","slug":"hbl-gom-inte-institutionsvarden-bakom-nya-skyltar","status":"publish","type":"page","link":"https:\/\/www.puheoikeus.fi\/en\/mediassa\/hbl-gom-inte-institutionsvarden-bakom-nya-skyltar\/","title":{"rendered":"HBL &#8211; G\u00f6m inte institutionsv\u00e5rden bakom nya skyltar"},"content":{"rendered":"<p class=\"qtranxs-available-languages-message qtranxs-available-languages-message-en\">The article is available in <a href=\"https:\/\/www.puheoikeus.fi\/sv\/wp-json\/wp\/v2\/pages\/2160\" class=\"qtranxs-available-language-link qtranxs-available-language-link-sv\" title=\"Svenska\">Swedish<\/a>. For the sake of viewer convenience, the content is shown below in the alternative language. You may click the link to switch the active language.<\/p><p>De funktionshindrade beh\u00f6ver inte kommunsammanslagningar eller Sote-reformer. De beh\u00f6ver en fungerande vardag baserad p\u00e5 g\u00e4llande lagstiftning och p\u00e5 FN:s konvention om m\u00e4nskliga r\u00e4ttigheter.<\/p>\n<p>Hotbilderna i dag \u00e4r m\u00e5nga: Inom upphandling och konkurrensuts\u00e4ttning behandlas de funktionshindrade som kollin. Behoven \u00e4r obekanta. Ingen lyssnar p\u00e5 m\u00e5lgruppen. De enda som \u201duts\u00e4tts\u201d \u00e4r de funktionshindrade sj\u00e4lva. De b\u00f6r, som inom EU, st\u00e5 utanf\u00f6r upphandlingslagen. I samkommunernas verksamhet och i samarbetet mellan kommunerna b\u00f6r lagstadgad servicekvalitet definieras, finansieras och efterf\u00f6ljas. I dag k\u00f6per man fel saker, till l\u00e5g kvalitet. Kommunerna vet inte vad de egentligen k\u00f6per av varandra, de st\u00e4ller heller inga krav. De viktigaste, klienten, assistenten och de anh\u00f6riga, marginaliseras.<\/p>\n<p>D\u00e5 handikapplagen och omsorgslagen fusioneras m\u00e5ste de utvecklingsst\u00f6rdas st\u00f6dtj\u00e4nster finnas med. Service- och omsorgsplanerna skall basera sig p\u00e5 behov och skr\u00e4ddarsys. S\u00e5 sker inte i dag. Serviceplanerna \u00e4r snuttifierade, farsartade avarter av lagens bokstav. Trots g\u00e4llande plan tvingas klienten ans\u00f6ka och p\u00e5minna om allt \u00e5rligen, i motsats till bland annat inv\u00e5narnas boendeparkering.<\/p>\n<p>Diskontinuitet och decimerat st\u00f6d \u00e4r vardag. De anh\u00f6riga sk\u00f6ter fem sex anst\u00e4lldas arbete och betalar f\u00f6r det! Familjen \u00e4r viktig f\u00f6r en funktionshindrad, men den riskerar bes\u00f6ksf\u00f6rbud d\u00e5 den agerar tolk och talesperson baserad p\u00e5 person- och kommunikationsk\u00e4nnedom.<\/p>\n<p>Lagen om sj\u00e4lvbest\u00e4mmander\u00e4tt i v\u00e5rden h\u00e5ller p\u00e5 att bli en lag om tv\u00e5ngs\u00e5tg\u00e4rder d\u00e4r ocks\u00e5 redan nedlagda metoder tas till \u201dheders\u201d. Det \u00e4r ett multipelt \u00f6vergrepp att bestraffa eller medicinera en icke-talande autist f\u00f6r personalens egna tillkortakommanden i kommunikationen eller f\u00f6r habiliteringens ovilja att erbjuda adekvata hj\u00e4lpmedel f\u00f6r kommunikation. Specialistv\u00e5rden, utbildnings- och socialsektorerna suboptimerar med kvott\u00e4nkande och genom att undvika att sj\u00e4lv tvingas genomf\u00f6ra \u00e5tg\u00e4rder eller bevilja tj\u00e4nster. Man bollar kunden vidare med ett \u201dlycka till\u201d. D\u00e5 ingen till slut ansvarar f\u00f6r lagstadgad service faller allt p\u00e5 familjens eget ansvar efter bollandet.<\/p>\n<p>Kommuner, stat, politiker, tj\u00e4nstem\u00e4n och myndigheter \u00e4r medvetna om bristerna. Ol\u00f6nsamma skolmaterial erbjuds inte, trots att f\u00f6rlagen kan trycka diktsamlingar med \u00f6verskottet fr\u00e5n b\u00e4sts\u00e4ljare och trots att det finns en Utbildningsstyrelse p\u00e5 vars lott beh\u00f6vlig, men ol\u00f6nsam, litteratur ligger. Varf\u00f6r inte tecken- och AKK-spr\u00e5ksmaterial i n\u00e5gon form i st\u00e4llet?<\/p>\n<p>De starka inom handikappr\u00f6relsen kan lobba som individer och som f\u00f6rbund. F\u00f6r autisternas del lobbar ingen, \u00e5tminstone inte synligt. F\u00f6ljden \u00e4r att det \u00e4r familjen (l\u00e4s: den \u201dbesv\u00e4rliga mamman\u201d) som g\u00f6r allt, p\u00e5 egen bekostnad, dygnet runt, med h\u00e4lsan och ekonomin som insats. Man blundar f\u00f6r att mamman \u00e4r eller blivit proffs, oavsett yrkesbakgrund. H\u00e4r \u00e4r kommunerna och habiliteringen effektiva \u2013 de marginaliserar tv\u00e5 till priset av en.<\/p>\n<p>Vi beh\u00f6ver sunt bondf\u00f6rnuft och att ber\u00f6rda tj\u00e4nstem\u00e4n och politiker tar lagens anda till heders. De utan egen f\u00f6rskyllan svagaste skall beredas m\u00f6jlighet till ett fullv\u00e4rdigt liv utan \u00f6vergrepp. Lagens och FN:s anda \u00e4r st\u00f6d f\u00f6r ett fullv\u00e4rdigt liv, inte \u201dom det blir \u00f6ver\u201d (till exempel kortvariga jobb, l\u00e4gsta budgetmomentet). Vi \u00e4r l\u00e5ngt ifr\u00e5n att till\u00e4mpa ens existerande lagstiftning. De planerade reformerna inneb\u00e4r f\u00f6rs\u00e4mringar bland de svagaste och gigantiska avst\u00e5nd till en potentiell svensk verksamhet. Skolor och sjukv\u00e5rd \u00e4r f\u00f6r alla andra en sj\u00e4lvklarhet, men f\u00f6r dem som skyddas av lagstiftningen \u00e4r hj\u00e4lpen p\u00e5 undantag om man inte g\u00f6r en barnskyddsanm\u00e4lan mot sig sj\u00e4lv.<\/p>\n<p>Definiera god omsorg utifr\u00e5n Jaatinen-stiftelsens serviceplan. L\u00e5t tj\u00e4nstem\u00e4nnen g\u00f6ra r\u00e4tt (f\u00f6r sig) direkt, utan multipla p\u00e5minnelser, via upps\u00f6kande verksamhet, lyssnande, inl\u00e4rning och tryggad kontinuitet (i papperskriget) f\u00f6r klienten. B\u00f6rja anv\u00e4nda det svenska systemet med b\u00e5de en assistent och en extern specialpedagog f\u00f6r individen. Betala l\u00f6n till de heltida, livstida anh\u00f6riga. Risken \u00e4r att institutions- och vindskyddsverksamheten forts\u00e4tter, bakom nytillverkade d\u00f6rrskyltar.<\/p>\n<p>Terry Grahn,<br \/>\nAKK-specialpedagog och lobbare<br \/>\nGrankulla<\/p>\n<p><a href=\"http:\/\/hbl.fi\/opinion\/lasares-brev\/2013-09-21\/502151\/gom-inte-institutionsvarden-bakom-nya-skyltar\" target=\"_blank\">F\u00f6r Hbls prenumeranter <\/a><\/p>\n<p>&nbsp;<\/p>\n<p><img loading=\"lazy\" class=\"alignleft size-full wp-image-2143\" alt=\"Hbl 21.9.2013 G\u00f6m inte institutionsv\u00e5rden bakom nya skyltar\" src=\"http:\/\/www.puheoikeus.fi\/wp-content\/uploads\/2014\/03\/Hbl-21.9.2013-G\u00f6m-inte-institutionsv\u00e5rden-bakom-nya-skyltar.png\" width=\"371\" height=\"927\" srcset=\"https:\/\/www.puheoikeus.fi\/wp-content\/uploads\/2014\/03\/Hbl-21.9.2013-G\u00f6m-inte-institutionsv\u00e5rden-bakom-nya-skyltar.png 371w, https:\/\/www.puheoikeus.fi\/wp-content\/uploads\/2014\/03\/Hbl-21.9.2013-G\u00f6m-inte-institutionsv\u00e5rden-bakom-nya-skyltar-120x300.png 120w\" sizes=\"(max-width: 371px) 100vw, 371px\" \/><\/p>","protected":false},"excerpt":{"rendered":"<p>The article is available in Swedish. For the sake of viewer convenience, the content is shown below in the alternative language. You may click the link to switch the active language.De funktionshindrade beh\u00f6ver inte kommunsammanslagningar eller Sote-reformer. De beh\u00f6ver en<span class=\"ellipsis\">&hellip;<\/span><\/p>\n<div class=\"read-more\"><a href=\"https:\/\/www.puheoikeus.fi\/en\/mediassa\/hbl-gom-inte-institutionsvarden-bakom-nya-skyltar\/\">Read more &#8250;<\/a><\/div>\n<p><!-- end of .read-more --><\/p>\n","protected":false},"author":3,"featured_media":0,"parent":1193,"menu_order":0,"comment_status":"closed","ping_status":"open","template":"content-sidebar-page.php","meta":[],"_links":{"self":[{"href":"https:\/\/www.puheoikeus.fi\/en\/wp-json\/wp\/v2\/pages\/2160"}],"collection":[{"href":"https:\/\/www.puheoikeus.fi\/en\/wp-json\/wp\/v2\/pages"}],"about":[{"href":"https:\/\/www.puheoikeus.fi\/en\/wp-json\/wp\/v2\/types\/page"}],"author":[{"embeddable":true,"href":"https:\/\/www.puheoikeus.fi\/en\/wp-json\/wp\/v2\/users\/3"}],"replies":[{"embeddable":true,"href":"https:\/\/www.puheoikeus.fi\/en\/wp-json\/wp\/v2\/comments?post=2160"}],"version-history":[{"count":5,"href":"https:\/\/www.puheoikeus.fi\/en\/wp-json\/wp\/v2\/pages\/2160\/revisions"}],"predecessor-version":[{"id":2165,"href":"https:\/\/www.puheoikeus.fi\/en\/wp-json\/wp\/v2\/pages\/2160\/revisions\/2165"}],"up":[{"embeddable":true,"href":"https:\/\/www.puheoikeus.fi\/en\/wp-json\/wp\/v2\/pages\/1193"}],"wp:attachment":[{"href":"https:\/\/www.puheoikeus.fi\/en\/wp-json\/wp\/v2\/media?parent=2160"}],"curies":[{"name":"wp","href":"https:\/\/api.w.org\/{rel}","templated":true}]}}