{"id":1788,"date":"2013-04-23T22:34:11","date_gmt":"2013-04-23T19:34:11","guid":{"rendered":"http:\/\/www.puheoikeus.fi\/?page_id=1788"},"modified":"2013-05-03T18:21:24","modified_gmt":"2013-05-03T15:21:24","slug":"en-francais","status":"publish","type":"page","link":"https:\/\/www.puheoikeus.fi\/en\/linkit\/en-francais\/","title":{"rendered":"En fran\u00e7ais"},"content":{"rendered":"<p><\/p>\n<h5><a href=\"http:\/\/www.autisme-france.fr\/autisme-france\" target=\"_blank\">Autisme France<\/a><\/h5>\n<h5><a href=\"http:\/\/www.autisme.qc.ca\/TED\/famille-et-proches\/temoignages\/parents-denfants-autistes-gardez-la-tete-haute.html\" target=\"_blank\">F\u00e9d\u00e9ration qu\u00e9b\u00e9coise de l&#8217;autisme<\/a><\/h5>\n<h5><a href=\"http:\/\/www.autiproches.be\/documents\/Folder_AutiProches_asbl.pdf \" target=\"_blank\">Autiproches asbl (B)<\/a><\/h5>\n<h5><a href=\"http:\/\/www.autisme.lu\" target=\"_blank\">Autisme Luxembourg<\/a><\/h5>\n<h5><a href=\"http:\/\/www.autisme.ch\/portail\" target=\"_blank\">Autisme Suisse Romande<\/a><\/h5>\n<h5><a href=\"http:\/\/www.fal.lu\" target=\"_blank\">Fondation Autisme Luxemnbourg<\/a><\/h5>\n<h5><a href=\"http:\/\/fondation-autisme.org\" target=\"_blank\">Fondation autisme (FR)<\/a><\/h5>\n<h5><a href=\"http:\/\/referentiel-autisme.fr\" target=\"_blank\">R\u00e9f\u00e9rentiel Autisme (FR)<\/a><\/h5>\n<h5><a href=\"http:\/\/autismus-kultur.de\/autismus\/autipedia\/autismus.html\" target=\"_blank\">Autismus Kultur (D)<\/a><\/h5>\n<h5><a href=\"http:\/\/www.autismus1.de\/autismus-symptome\/autismus-symptom-sprache-a-kommunikation.html\" target=\"_blank\">Autismus1.de<\/a><\/h5>\n<h5><a href=\"http:\/\/www.autistenhilfe.at\" target=\"_blank\">Autistenhilfe \u00d6sterreich<\/a><\/h5>\n<h5><a href=\"http:\/\/www.integration-autismus.at\/diagnose-beratung-und-therapie\/diagnosemoeglichkeiten-in-wien\/68-diagnosemoeglichkeiten-in-wien\/11-dachverband-oesterreichische-autistenhilfe\" target=\"_blank\">Dachverband \u00d6sterreichische Autistenhilfe<\/a><\/h5>\n<p><\/p>","protected":false},"excerpt":{"rendered":"<p>Autisme France F\u00e9d\u00e9ration qu\u00e9b\u00e9coise de l&#8217;autisme Autiproches asbl (B) Autisme Luxembourg Autisme Suisse Romande Fondation Autisme Luxemnbourg Fondation autisme (FR) R\u00e9f\u00e9rentiel Autisme (FR) Autismus Kultur (D) Autismus1.de Autistenhilfe \u00d6sterreich Dachverband \u00d6sterreichische Autistenhilfe<\/p>\n","protected":false},"author":1,"featured_media":0,"parent":34,"menu_order":0,"comment_status":"closed","ping_status":"closed","template":"content-sidebar-page.php","meta":[],"_links":{"self":[{"href":"https:\/\/www.puheoikeus.fi\/en\/wp-json\/wp\/v2\/pages\/1788"}],"collection":[{"href":"https:\/\/www.puheoikeus.fi\/en\/wp-json\/wp\/v2\/pages"}],"about":[{"href":"https:\/\/www.puheoikeus.fi\/en\/wp-json\/wp\/v2\/types\/page"}],"author":[{"embeddable":true,"href":"https:\/\/www.puheoikeus.fi\/en\/wp-json\/wp\/v2\/users\/1"}],"replies":[{"embeddable":true,"href":"https:\/\/www.puheoikeus.fi\/en\/wp-json\/wp\/v2\/comments?post=1788"}],"version-history":[{"count":0,"href":"https:\/\/www.puheoikeus.fi\/en\/wp-json\/wp\/v2\/pages\/1788\/revisions"}],"up":[{"embeddable":true,"href":"https:\/\/www.puheoikeus.fi\/en\/wp-json\/wp\/v2\/pages\/34"}],"wp:attachment":[{"href":"https:\/\/www.puheoikeus.fi\/en\/wp-json\/wp\/v2\/media?parent=1788"}],"curies":[{"name":"wp","href":"https:\/\/api.w.org\/{rel}","templated":true}]}}