{"id":166,"date":"2012-06-08T15:27:38","date_gmt":"2012-06-08T13:27:38","guid":{"rendered":"http:\/\/puheoikeus.fi\/?p=166"},"modified":"2013-02-11T03:32:47","modified_gmt":"2013-02-11T01:32:47","slug":"artikkeli-logopednytt-lehdessa","status":"publish","type":"page","link":"https:\/\/www.puheoikeus.fi\/en\/mediassa\/artikkeli-logopednytt-lehdessa\/","title":{"rendered":"Logopednytt &#8211; Revolutionerande metod inom specialpedagogik och AKK"},"content":{"rendered":"<p>D\u00e5 jag f\u00f6r drygt ett \u00e5r sedan ins\u00e5g att tecken och annan AKK kunde placeras i Lexia, \u00f6ppnades d\u00f6rren till en specialpedagogisk revolution. Produktiviteten i undervisningen \u00f6kade mer \u00e4n tusenfalt p\u00e5 \u00e5rsbasis genom att vi lade in tecken, symboler och foton i programmet.<\/p>\n<p><a href=\"http:\/\/www.puheoikeus.fi\/wp-content\/uploads\/2012\/08\/Logopednytt_2_12_TG.pdf\" target=\"_blank\">Read more!<\/a><\/p>","protected":false},"excerpt":{"rendered":"<p>D\u00e5 jag f\u00f6r drygt ett \u00e5r sedan ins\u00e5g att tecken och annan AKK kunde placeras i Lexia, \u00f6ppnades d\u00f6rren till en specialpedagogisk revolution. Produktiviteten i undervisningen \u00f6kade mer \u00e4n tusenfalt p\u00e5 \u00e5rsbasis genom att vi lade in tecken, symboler och<span class=\"ellipsis\">&hellip;<\/span><\/p>\n<div class=\"read-more\"><a href=\"https:\/\/www.puheoikeus.fi\/en\/mediassa\/artikkeli-logopednytt-lehdessa\/\">Read more &#8250;<\/a><\/div>\n<p><!-- end of .read-more --><\/p>\n","protected":false},"author":3,"featured_media":0,"parent":1193,"menu_order":0,"comment_status":"closed","ping_status":"open","template":"content-sidebar-page.php","meta":[],"_links":{"self":[{"href":"https:\/\/www.puheoikeus.fi\/en\/wp-json\/wp\/v2\/pages\/166"}],"collection":[{"href":"https:\/\/www.puheoikeus.fi\/en\/wp-json\/wp\/v2\/pages"}],"about":[{"href":"https:\/\/www.puheoikeus.fi\/en\/wp-json\/wp\/v2\/types\/page"}],"author":[{"embeddable":true,"href":"https:\/\/www.puheoikeus.fi\/en\/wp-json\/wp\/v2\/users\/3"}],"replies":[{"embeddable":true,"href":"https:\/\/www.puheoikeus.fi\/en\/wp-json\/wp\/v2\/comments?post=166"}],"version-history":[{"count":0,"href":"https:\/\/www.puheoikeus.fi\/en\/wp-json\/wp\/v2\/pages\/166\/revisions"}],"up":[{"embeddable":true,"href":"https:\/\/www.puheoikeus.fi\/en\/wp-json\/wp\/v2\/pages\/1193"}],"wp:attachment":[{"href":"https:\/\/www.puheoikeus.fi\/en\/wp-json\/wp\/v2\/media?parent=166"}],"curies":[{"name":"wp","href":"https:\/\/api.w.org\/{rel}","templated":true}]}}