{"id":159,"date":"2012-08-23T15:19:30","date_gmt":"2012-08-23T13:19:30","guid":{"rendered":"http:\/\/puheoikeus.fi\/?p=159"},"modified":"2013-02-11T03:36:14","modified_gmt":"2013-02-11T01:36:14","slug":"artikkeli-sos-aktuellt","status":"publish","type":"page","link":"https:\/\/www.puheoikeus.fi\/en\/mediassa\/artikkeli-sos-aktuellt\/","title":{"rendered":"SOS Aktuellt &#8211; AKK &#8211; specialpedagogik"},"content":{"rendered":"<p>Med tecken och AKK i Lexia kunde vi satsa p\u00e5 inl\u00e4rning i ordets vidaste bem\u00e4rkelse, p\u00e5 ett kostnadseffektivt s\u00e4tt.<\/p>\n<p>Samtidigt kunde vi bem\u00f6tas av jubel fr\u00e5n eleverna\/brukarna: \u00e4ntligen n\u00e5gon som bryr sig och som tar bort hindren p\u00e5 min v\u00e4g. Och som ger mig yttrander\u00e4tt och makt \u00f6ver mitt eget liv. Detta \u00e4r en del av Terry Grahns konklusioner.<\/p>\n<p><a href=\"http:\/\/www.puheoikeus.fi\/wp-content\/uploads\/2012\/08\/SOSAKtuellt4TG.pdf\" target=\"_blank\">Read more!<\/a><\/p>","protected":false},"excerpt":{"rendered":"<p>Med tecken och AKK i Lexia kunde vi satsa p\u00e5 inl\u00e4rning i ordets vidaste bem\u00e4rkelse, p\u00e5 ett kostnadseffektivt s\u00e4tt. Samtidigt kunde vi bem\u00f6tas av jubel fr\u00e5n eleverna\/brukarna: \u00e4ntligen n\u00e5gon som bryr sig och som tar bort hindren p\u00e5 min v\u00e4g.<span class=\"ellipsis\">&hellip;<\/span><\/p>\n<div class=\"read-more\"><a href=\"https:\/\/www.puheoikeus.fi\/en\/mediassa\/artikkeli-sos-aktuellt\/\">Read more &#8250;<\/a><\/div>\n<p><!-- end of .read-more --><\/p>\n","protected":false},"author":3,"featured_media":0,"parent":1193,"menu_order":0,"comment_status":"closed","ping_status":"open","template":"content-sidebar-page.php","meta":[],"_links":{"self":[{"href":"https:\/\/www.puheoikeus.fi\/en\/wp-json\/wp\/v2\/pages\/159"}],"collection":[{"href":"https:\/\/www.puheoikeus.fi\/en\/wp-json\/wp\/v2\/pages"}],"about":[{"href":"https:\/\/www.puheoikeus.fi\/en\/wp-json\/wp\/v2\/types\/page"}],"author":[{"embeddable":true,"href":"https:\/\/www.puheoikeus.fi\/en\/wp-json\/wp\/v2\/users\/3"}],"replies":[{"embeddable":true,"href":"https:\/\/www.puheoikeus.fi\/en\/wp-json\/wp\/v2\/comments?post=159"}],"version-history":[{"count":0,"href":"https:\/\/www.puheoikeus.fi\/en\/wp-json\/wp\/v2\/pages\/159\/revisions"}],"up":[{"embeddable":true,"href":"https:\/\/www.puheoikeus.fi\/en\/wp-json\/wp\/v2\/pages\/1193"}],"wp:attachment":[{"href":"https:\/\/www.puheoikeus.fi\/en\/wp-json\/wp\/v2\/media?parent=159"}],"curies":[{"name":"wp","href":"https:\/\/api.w.org\/{rel}","templated":true}]}}