{"id":1005,"date":"2012-12-18T11:45:22","date_gmt":"2012-12-18T09:45:22","guid":{"rendered":"http:\/\/www.puheoikeus.fi\/?p=1005"},"modified":"2013-02-11T03:31:23","modified_gmt":"2013-02-11T01:31:23","slug":"logopednytt-en-app-i-akk-anvandarnas-tjanst","status":"publish","type":"page","link":"https:\/\/www.puheoikeus.fi\/en\/mediassa\/logopednytt-en-app-i-akk-anvandarnas-tjanst\/","title":{"rendered":"Logopednytt &#8211; En app i AKK-anv\u00e4ndarnas tj\u00e4nst"},"content":{"rendered":"<p>R\u00e4tt anv\u00e4nda har kommunikationsapparna f\u00f6r smarta telefoner och l\u00e4splattor minst tre anv\u00e4ndningsomr\u00e5den:<br \/>\nsom kommunikationshj\u00e4lpmedel, som pedagogiskt redskap och som verktyg f\u00f6r AKK-specialpedagogik. V\u00e5rt officiella pilotcase har fr\u00e5n lanseringsdagen i augusti inneburit en fulltr\u00e4ff.<\/p>\n<p><a href=\"http:\/\/www.puheoikeus.fi\/wp-content\/uploads\/2012\/12\/logopednytt412TG-2.pdf\" target=\"_blank\">Read more<\/a><\/p>","protected":false},"excerpt":{"rendered":"<p>R\u00e4tt anv\u00e4nda har kommunikationsapparna f\u00f6r smarta telefoner och l\u00e4splattor minst tre anv\u00e4ndningsomr\u00e5den: som kommunikationshj\u00e4lpmedel, som pedagogiskt redskap och som verktyg f\u00f6r AKK-specialpedagogik. V\u00e5rt officiella pilotcase har fr\u00e5n lanseringsdagen i augusti inneburit en fulltr\u00e4ff. Read more<\/p>\n","protected":false},"author":3,"featured_media":0,"parent":1193,"menu_order":0,"comment_status":"closed","ping_status":"open","template":"content-sidebar-page.php","meta":[],"_links":{"self":[{"href":"https:\/\/www.puheoikeus.fi\/en\/wp-json\/wp\/v2\/pages\/1005"}],"collection":[{"href":"https:\/\/www.puheoikeus.fi\/en\/wp-json\/wp\/v2\/pages"}],"about":[{"href":"https:\/\/www.puheoikeus.fi\/en\/wp-json\/wp\/v2\/types\/page"}],"author":[{"embeddable":true,"href":"https:\/\/www.puheoikeus.fi\/en\/wp-json\/wp\/v2\/users\/3"}],"replies":[{"embeddable":true,"href":"https:\/\/www.puheoikeus.fi\/en\/wp-json\/wp\/v2\/comments?post=1005"}],"version-history":[{"count":0,"href":"https:\/\/www.puheoikeus.fi\/en\/wp-json\/wp\/v2\/pages\/1005\/revisions"}],"up":[{"embeddable":true,"href":"https:\/\/www.puheoikeus.fi\/en\/wp-json\/wp\/v2\/pages\/1193"}],"wp:attachment":[{"href":"https:\/\/www.puheoikeus.fi\/en\/wp-json\/wp\/v2\/media?parent=1005"}],"curies":[{"name":"wp","href":"https:\/\/api.w.org\/{rel}","templated":true}]}}