{"id":923,"date":"2012-10-15T19:37:35","date_gmt":"2012-10-15T17:37:35","guid":{"rendered":"http:\/\/www.puheoikeus.fi\/?p=923"},"modified":"2013-02-14T03:13:50","modified_gmt":"2013-02-14T01:13:50","slug":"tikoteekki-koettua-lexia-oppimisen-valineena","status":"publish","type":"page","link":"https:\/\/www.puheoikeus.fi\/de\/mediassa\/tikoteekki-koettua-lexia-oppimisen-valineena\/","title":{"rendered":"Tikoteekki &#8211; Koettua: Lexia oppimisen v\u00e4lineen\u00e4"},"content":{"rendered":"<p><\/p>\n<p><strong>Terry Grahn on kokeillut asiakkaan kanssa kuvien ja viittomien yhdist\u00e4mist\u00e4 Lexia-ohjelmaan.<\/strong><\/p>\n<p>Lexia-tietokoneohjelma on laaja kokonaisuus, joka soveltuu perinteisesti kielellisi\u00e4 erityisvaikeuksia omaavien henkil\u00f6iden kuntoutukseen. Kun Lexiaan yhdistet\u00e4\u00e4n viittomat ja kuvat, voidaan sit\u00e4 k\u00e4ytt\u00e4\u00e4 laaja-alaisesti my\u00f6s erityisopetuksessa. N\u00e4in kehitysvammaisen tai autistisen oppilaan oppiminen tehostuu verrattuna kuva- ja sanakorttien k\u00e4ytt\u00f6\u00f6n.<\/p>\n<p><a href=\"http:\/\/papunet.net\/tikoteekki\/julkaisut\/tikonen-tiedote\/arkisto.html?tx_mininews_pi1[showUid]=120&#038;cHash=a4d3b9cd0b9029a2f86951c22ba69b38\">Read more<\/a><\/p>\n<p><\/p>","protected":false},"excerpt":{"rendered":"<p>Terry Grahn on kokeillut asiakkaan kanssa kuvien ja viittomien yhdist\u00e4mist\u00e4 Lexia-ohjelmaan. Lexia-tietokoneohjelma on laaja kokonaisuus, joka soveltuu perinteisesti kielellisi\u00e4 erityisvaikeuksia omaavien henkil\u00f6iden kuntoutukseen. Kun Lexiaan yhdistet\u00e4\u00e4n viittomat ja kuvat, voidaan sit\u00e4 k\u00e4ytt\u00e4\u00e4 laaja-alaisesti my\u00f6s erityisopetuksessa. N\u00e4in kehitysvammaisen tai autistisen oppilaan<span class=\"ellipsis\">&hellip;<\/span><\/p>\n<div class=\"read-more\"><a href=\"https:\/\/www.puheoikeus.fi\/de\/mediassa\/tikoteekki-koettua-lexia-oppimisen-valineena\/\">Weiterlesen \u203a<\/a><\/div>\n<p><!-- end of .read-more --><\/p>\n","protected":false},"author":2,"featured_media":0,"parent":1193,"menu_order":0,"comment_status":"closed","ping_status":"open","template":"content-sidebar-page.php","meta":[],"_links":{"self":[{"href":"https:\/\/www.puheoikeus.fi\/de\/wp-json\/wp\/v2\/pages\/923"}],"collection":[{"href":"https:\/\/www.puheoikeus.fi\/de\/wp-json\/wp\/v2\/pages"}],"about":[{"href":"https:\/\/www.puheoikeus.fi\/de\/wp-json\/wp\/v2\/types\/page"}],"author":[{"embeddable":true,"href":"https:\/\/www.puheoikeus.fi\/de\/wp-json\/wp\/v2\/users\/2"}],"replies":[{"embeddable":true,"href":"https:\/\/www.puheoikeus.fi\/de\/wp-json\/wp\/v2\/comments?post=923"}],"version-history":[{"count":0,"href":"https:\/\/www.puheoikeus.fi\/de\/wp-json\/wp\/v2\/pages\/923\/revisions"}],"up":[{"embeddable":true,"href":"https:\/\/www.puheoikeus.fi\/de\/wp-json\/wp\/v2\/pages\/1193"}],"wp:attachment":[{"href":"https:\/\/www.puheoikeus.fi\/de\/wp-json\/wp\/v2\/media?parent=923"}],"curies":[{"name":"wp","href":"https:\/\/api.w.org\/{rel}","templated":true}]}}