{"id":909,"date":"2011-09-28T09:00:42","date_gmt":"2011-09-28T07:00:42","guid":{"rendered":"http:\/\/www.puheoikeus.fi\/?p=909"},"modified":"2013-02-11T03:15:27","modified_gmt":"2013-02-11T01:15:27","slug":"hbl-vi-har-svikit-specialbarnen-i-aratal","status":"publish","type":"page","link":"https:\/\/www.puheoikeus.fi\/de\/mediassa\/hbl-vi-har-svikit-specialbarnen-i-aratal\/","title":{"rendered":"HBL &#8211; Vi har svikit specialbarnen i \u00e5ratal"},"content":{"rendered":"<p>Inom specialundervisningen saknas alla former av l\u00e4romedel. V\u00e4rst \u00e4r det inom den tecken- och bildst\u00f6dda undervisningen (AAC, TAKK), f\u00f6rstaspr\u00e5ksundervisning f\u00f6r dem.<\/p>\n<p>Blicken v\u00e4nder sig os\u00f6kt till Pedagogiska fakulteten i Vasa \u00e4ven om enheten p\u00e5 inget vis \u00e4r ensam skyldig. Var dr\u00f6jer alla datorst\u00f6dda AAC-undervisningsmaterial f\u00f6r specialbarnen?<\/p>\n<p><a href=\"http:\/\/hbl.fi\/opinion\/lasares-brev\/2011-09-28\/vi-har-svikit-specialbarnen-i-aratal\" target=\"_blank\">Read more<\/a><\/p>","protected":false},"excerpt":{"rendered":"<p>Inom specialundervisningen saknas alla former av l\u00e4romedel. V\u00e4rst \u00e4r det inom den tecken- och bildst\u00f6dda undervisningen (AAC, TAKK), f\u00f6rstaspr\u00e5ksundervisning f\u00f6r dem. Blicken v\u00e4nder sig os\u00f6kt till Pedagogiska fakulteten i Vasa \u00e4ven om enheten p\u00e5 inget vis \u00e4r ensam skyldig. Var<span class=\"ellipsis\">&hellip;<\/span><\/p>\n<div class=\"read-more\"><a href=\"https:\/\/www.puheoikeus.fi\/de\/mediassa\/hbl-vi-har-svikit-specialbarnen-i-aratal\/\">Weiterlesen \u203a<\/a><\/div>\n<p><!-- end of .read-more --><\/p>\n","protected":false},"author":2,"featured_media":0,"parent":1193,"menu_order":0,"comment_status":"closed","ping_status":"open","template":"content-sidebar-page.php","meta":[],"_links":{"self":[{"href":"https:\/\/www.puheoikeus.fi\/de\/wp-json\/wp\/v2\/pages\/909"}],"collection":[{"href":"https:\/\/www.puheoikeus.fi\/de\/wp-json\/wp\/v2\/pages"}],"about":[{"href":"https:\/\/www.puheoikeus.fi\/de\/wp-json\/wp\/v2\/types\/page"}],"author":[{"embeddable":true,"href":"https:\/\/www.puheoikeus.fi\/de\/wp-json\/wp\/v2\/users\/2"}],"replies":[{"embeddable":true,"href":"https:\/\/www.puheoikeus.fi\/de\/wp-json\/wp\/v2\/comments?post=909"}],"version-history":[{"count":0,"href":"https:\/\/www.puheoikeus.fi\/de\/wp-json\/wp\/v2\/pages\/909\/revisions"}],"up":[{"embeddable":true,"href":"https:\/\/www.puheoikeus.fi\/de\/wp-json\/wp\/v2\/pages\/1193"}],"wp:attachment":[{"href":"https:\/\/www.puheoikeus.fi\/de\/wp-json\/wp\/v2\/media?parent=909"}],"curies":[{"name":"wp","href":"https:\/\/api.w.org\/{rel}","templated":true}]}}