{"id":907,"date":"2011-11-26T09:00:02","date_gmt":"2011-11-26T07:00:02","guid":{"rendered":"http:\/\/www.puheoikeus.fi\/?p=907"},"modified":"2013-02-11T03:06:37","modified_gmt":"2013-02-11T01:06:37","slug":"hbl-kommunerna-ar-ofta-usla-producenter","status":"publish","type":"page","link":"https:\/\/www.puheoikeus.fi\/de\/mediassa\/hbl-kommunerna-ar-ofta-usla-producenter\/","title":{"rendered":"HBL &#8211; Kommunerna \u00e4r ofta usla producenter"},"content":{"rendered":"<p>Paul Lillrank (Hbl 21.11) har r\u00e4tt d\u00e5 han efterlyser produktivitetsh\u00f6jning med \u00f6kad kvalitet, utan h\u00e4mmande kriterier i lagstiftningen. Kommunerna \u00e4r ofta usla producenter inom socialsidan och omsorgen. Man vet inte heller vad man k\u00f6per och f\u00f6ljer d\u00e5ligt upp kvaliteten. Det \u00e4r inte antalet v\u00e5rdare utan vad man g\u00f6r (eller inte g\u00f6r) som \u00e4r centralt. B\u00e4ttre planering och l\u00e4ttare byr\u00e5krati beh\u00f6vs.<\/p>\n<p><a href=\"http:\/\/hbl.fi\/opinion\/lasares-brev\/2011-11-25\/kommunerna-ar-ofta-usla-producenter\">Read more<\/a><\/p>","protected":false},"excerpt":{"rendered":"<p>Paul Lillrank (Hbl 21.11) har r\u00e4tt d\u00e5 han efterlyser produktivitetsh\u00f6jning med \u00f6kad kvalitet, utan h\u00e4mmande kriterier i lagstiftningen. Kommunerna \u00e4r ofta usla producenter inom socialsidan och omsorgen. Man vet inte heller vad man k\u00f6per och f\u00f6ljer d\u00e5ligt upp kvaliteten. Det<span class=\"ellipsis\">&hellip;<\/span><\/p>\n<div class=\"read-more\"><a href=\"https:\/\/www.puheoikeus.fi\/de\/mediassa\/hbl-kommunerna-ar-ofta-usla-producenter\/\">Weiterlesen \u203a<\/a><\/div>\n<p><!-- end of .read-more --><\/p>\n","protected":false},"author":2,"featured_media":0,"parent":1193,"menu_order":0,"comment_status":"closed","ping_status":"open","template":"content-sidebar-page.php","meta":[],"_links":{"self":[{"href":"https:\/\/www.puheoikeus.fi\/de\/wp-json\/wp\/v2\/pages\/907"}],"collection":[{"href":"https:\/\/www.puheoikeus.fi\/de\/wp-json\/wp\/v2\/pages"}],"about":[{"href":"https:\/\/www.puheoikeus.fi\/de\/wp-json\/wp\/v2\/types\/page"}],"author":[{"embeddable":true,"href":"https:\/\/www.puheoikeus.fi\/de\/wp-json\/wp\/v2\/users\/2"}],"replies":[{"embeddable":true,"href":"https:\/\/www.puheoikeus.fi\/de\/wp-json\/wp\/v2\/comments?post=907"}],"version-history":[{"count":0,"href":"https:\/\/www.puheoikeus.fi\/de\/wp-json\/wp\/v2\/pages\/907\/revisions"}],"up":[{"embeddable":true,"href":"https:\/\/www.puheoikeus.fi\/de\/wp-json\/wp\/v2\/pages\/1193"}],"wp:attachment":[{"href":"https:\/\/www.puheoikeus.fi\/de\/wp-json\/wp\/v2\/media?parent=907"}],"curies":[{"name":"wp","href":"https:\/\/api.w.org\/{rel}","templated":true}]}}