{"id":902,"date":"2012-10-05T09:00:16","date_gmt":"2012-10-05T07:00:16","guid":{"rendered":"http:\/\/www.puheoikeus.fi\/?p=902"},"modified":"2013-02-11T02:50:53","modified_gmt":"2013-02-11T00:50:53","slug":"hbl-de-som-saknar-talat-sprak-forvagras-yttranderatt","status":"publish","type":"page","link":"https:\/\/www.puheoikeus.fi\/de\/mediassa\/hbl-de-som-saknar-talat-sprak-forvagras-yttranderatt\/","title":{"rendered":"HBL &#8211; De som saknar talat spr\u00e5k f\u00f6rv\u00e4gras yttrander\u00e4tt"},"content":{"rendered":"<p>Det \u00e4r inte ovanligt att som icke-talande bli st\u00e4mplad som \u201dbeteendest\u00f6rning\u201d fast man kommunicerar sakligt eller p\u00e5 \u00e5ldersenlig niv\u00e5. Detta \u00e4r ett \u00f6vergrepp.<\/p>\n<p>De 30\u2009000 gravt talhandikappade \u00e4r ber\u00e4ttigade till talterapi, hj\u00e4lpmedel, \u201dAKK-tolk\u201d (tolkning f\u00f6r gravt talhandikappade) och vissa \u00e4ven till tecken- och kommunikationstr\u00e4ning (som anslagsberoende anpassningstr\u00e4ning via kommunen).<\/p>\n<p><a href=\"http:\/\/hbl.fi\/opinion\/lasares-brev\/2012-10-05\/de-som-saknar-talat-sprak-forvagras-yttranderatt\" target=\"_blank\">Read more<\/a><\/p>","protected":false},"excerpt":{"rendered":"<p>Det \u00e4r inte ovanligt att som icke-talande bli st\u00e4mplad som \u201dbeteendest\u00f6rning\u201d fast man kommunicerar sakligt eller p\u00e5 \u00e5ldersenlig niv\u00e5. Detta \u00e4r ett \u00f6vergrepp. De 30\u2009000 gravt talhandikappade \u00e4r ber\u00e4ttigade till talterapi, hj\u00e4lpmedel, \u201dAKK-tolk\u201d (tolkning f\u00f6r gravt talhandikappade) och vissa \u00e4ven<span class=\"ellipsis\">&hellip;<\/span><\/p>\n<div class=\"read-more\"><a href=\"https:\/\/www.puheoikeus.fi\/de\/mediassa\/hbl-de-som-saknar-talat-sprak-forvagras-yttranderatt\/\">Weiterlesen \u203a<\/a><\/div>\n<p><!-- end of .read-more --><\/p>\n","protected":false},"author":2,"featured_media":0,"parent":1193,"menu_order":0,"comment_status":"closed","ping_status":"open","template":"content-sidebar-page.php","meta":[],"_links":{"self":[{"href":"https:\/\/www.puheoikeus.fi\/de\/wp-json\/wp\/v2\/pages\/902"}],"collection":[{"href":"https:\/\/www.puheoikeus.fi\/de\/wp-json\/wp\/v2\/pages"}],"about":[{"href":"https:\/\/www.puheoikeus.fi\/de\/wp-json\/wp\/v2\/types\/page"}],"author":[{"embeddable":true,"href":"https:\/\/www.puheoikeus.fi\/de\/wp-json\/wp\/v2\/users\/2"}],"replies":[{"embeddable":true,"href":"https:\/\/www.puheoikeus.fi\/de\/wp-json\/wp\/v2\/comments?post=902"}],"version-history":[{"count":0,"href":"https:\/\/www.puheoikeus.fi\/de\/wp-json\/wp\/v2\/pages\/902\/revisions"}],"up":[{"embeddable":true,"href":"https:\/\/www.puheoikeus.fi\/de\/wp-json\/wp\/v2\/pages\/1193"}],"wp:attachment":[{"href":"https:\/\/www.puheoikeus.fi\/de\/wp-json\/wp\/v2\/media?parent=902"}],"curies":[{"name":"wp","href":"https:\/\/api.w.org\/{rel}","templated":true}]}}