{"id":900,"date":"2012-09-07T09:18:57","date_gmt":"2012-09-07T07:18:57","guid":{"rendered":"http:\/\/www.puheoikeus.fi\/?p=900"},"modified":"2013-02-11T03:12:53","modified_gmt":"2013-02-11T01:12:53","slug":"hbl-skolgang-pa-lika-villkor","status":"publish","type":"page","link":"https:\/\/www.puheoikeus.fi\/de\/mediassa\/hbl-skolgang-pa-lika-villkor\/","title":{"rendered":"HBL &#8211; Skolg\u00e5ng p\u00e5 lika villkor?"},"content":{"rendered":"<p>Assistentfr\u00e5gan och specialutbildningen har kommenterats ytligt och utan l\u00f6ften av n\u00e5gra f\u00e5 akt\u00f6rer. Att skolorna \u00e4r n\u00f6jda med Seure \u00e4r ingen garant f\u00f6r kvaliteten eller kontinuiteten i barnens, familjernas eller k\u00f6parkommunernas \u00f6gon. N\u00e5gonstans p\u00e5 v\u00e4gen tappas timmar bort.<\/p>\n<p><a href=\"http:\/\/hbl.fi\/opinion\/lasares-brev\/2012-09-07\/skolgang-pa-lika-villkor\" target=\"_blank\">Read more<\/a><\/p>","protected":false},"excerpt":{"rendered":"<p>Assistentfr\u00e5gan och specialutbildningen har kommenterats ytligt och utan l\u00f6ften av n\u00e5gra f\u00e5 akt\u00f6rer. Att skolorna \u00e4r n\u00f6jda med Seure \u00e4r ingen garant f\u00f6r kvaliteten eller kontinuiteten i barnens, familjernas eller k\u00f6parkommunernas \u00f6gon. N\u00e5gonstans p\u00e5 v\u00e4gen tappas timmar bort. Read more<\/p>\n","protected":false},"author":2,"featured_media":0,"parent":1193,"menu_order":0,"comment_status":"closed","ping_status":"open","template":"content-sidebar-page.php","meta":[],"_links":{"self":[{"href":"https:\/\/www.puheoikeus.fi\/de\/wp-json\/wp\/v2\/pages\/900"}],"collection":[{"href":"https:\/\/www.puheoikeus.fi\/de\/wp-json\/wp\/v2\/pages"}],"about":[{"href":"https:\/\/www.puheoikeus.fi\/de\/wp-json\/wp\/v2\/types\/page"}],"author":[{"embeddable":true,"href":"https:\/\/www.puheoikeus.fi\/de\/wp-json\/wp\/v2\/users\/2"}],"replies":[{"embeddable":true,"href":"https:\/\/www.puheoikeus.fi\/de\/wp-json\/wp\/v2\/comments?post=900"}],"version-history":[{"count":0,"href":"https:\/\/www.puheoikeus.fi\/de\/wp-json\/wp\/v2\/pages\/900\/revisions"}],"up":[{"embeddable":true,"href":"https:\/\/www.puheoikeus.fi\/de\/wp-json\/wp\/v2\/pages\/1193"}],"wp:attachment":[{"href":"https:\/\/www.puheoikeus.fi\/de\/wp-json\/wp\/v2\/media?parent=900"}],"curies":[{"name":"wp","href":"https:\/\/api.w.org\/{rel}","templated":true}]}}