{"id":758,"date":"2012-12-11T10:18:19","date_gmt":"2012-12-11T08:18:19","guid":{"rendered":"http:\/\/www.puheoikeus.fi\/?p=758"},"modified":"2013-02-11T03:40:12","modified_gmt":"2013-02-11T01:40:12","slug":"artikkeli-sos-aktuellt-lehdessa","status":"publish","type":"page","link":"https:\/\/www.puheoikeus.fi\/de\/mediassa\/artikkeli-sos-aktuellt-lehdessa\/","title":{"rendered":"SOS Aktuellt &#8211; V\u00e4rldspremi\u00e4r f\u00f6r en \u201dapp\u201d i kommunikationens och AKK-specialpedagogikens tj\u00e4nst"},"content":{"rendered":"<p>R\u00e4tt anv\u00e4nda har kommunikationsapparna f\u00f6r iPad\/iPod minst tre anv\u00e4ndningsomr\u00e5den:<\/p>\n<p>som kommunikationshj\u00e4lpmedel, som pedagogiskt redskap och som verktyg f\u00f6r AKK-specialpedagogik. V\u00e5rt officiella pilotcase har fr\u00e5n lanseringsdagen i augusti inneburit en fulltr\u00e4ff. Ledtiderna minskade fr\u00e5n 7-8 m\u00e5nader till 4-5 sekunder eller 1 dygn. Fr\u00e5n att tidigare ha f\u00e5tt be om \u201dmera banan\u201d, har man efter sex veckors bruk av appen h\u00e5llit sitt f\u00f6rsta korta f\u00f6redrag (i skrivande stund, sitt andra). Detta borde vara vardag f\u00f6r alla icke-talande.<\/p>\n<p><a href=\"http:\/\/www.puheoikeus.fi\/wp-content\/uploads\/2012\/12\/SOS_aktuellt_app_premi\u00e4r.pdf\" target=\"_blank\">Read more<\/a><\/p>","protected":false},"excerpt":{"rendered":"<p>R\u00e4tt anv\u00e4nda har kommunikationsapparna f\u00f6r iPad\/iPod minst tre anv\u00e4ndningsomr\u00e5den: som kommunikationshj\u00e4lpmedel, som pedagogiskt redskap och som verktyg f\u00f6r AKK-specialpedagogik. V\u00e5rt officiella pilotcase har fr\u00e5n lanseringsdagen i augusti inneburit en fulltr\u00e4ff. Ledtiderna minskade fr\u00e5n 7-8 m\u00e5nader till 4-5 sekunder eller 1<span class=\"ellipsis\">&hellip;<\/span><\/p>\n<div class=\"read-more\"><a href=\"https:\/\/www.puheoikeus.fi\/de\/mediassa\/artikkeli-sos-aktuellt-lehdessa\/\">Weiterlesen \u203a<\/a><\/div>\n<p><!-- end of .read-more --><\/p>\n","protected":false},"author":2,"featured_media":0,"parent":1193,"menu_order":0,"comment_status":"closed","ping_status":"open","template":"content-sidebar-page.php","meta":[],"_links":{"self":[{"href":"https:\/\/www.puheoikeus.fi\/de\/wp-json\/wp\/v2\/pages\/758"}],"collection":[{"href":"https:\/\/www.puheoikeus.fi\/de\/wp-json\/wp\/v2\/pages"}],"about":[{"href":"https:\/\/www.puheoikeus.fi\/de\/wp-json\/wp\/v2\/types\/page"}],"author":[{"embeddable":true,"href":"https:\/\/www.puheoikeus.fi\/de\/wp-json\/wp\/v2\/users\/2"}],"replies":[{"embeddable":true,"href":"https:\/\/www.puheoikeus.fi\/de\/wp-json\/wp\/v2\/comments?post=758"}],"version-history":[{"count":0,"href":"https:\/\/www.puheoikeus.fi\/de\/wp-json\/wp\/v2\/pages\/758\/revisions"}],"up":[{"embeddable":true,"href":"https:\/\/www.puheoikeus.fi\/de\/wp-json\/wp\/v2\/pages\/1193"}],"wp:attachment":[{"href":"https:\/\/www.puheoikeus.fi\/de\/wp-json\/wp\/v2\/media?parent=758"}],"curies":[{"name":"wp","href":"https:\/\/api.w.org\/{rel}","templated":true}]}}