{"id":369,"date":"2012-11-06T10:00:08","date_gmt":"2012-11-06T10:00:08","guid":{"rendered":"http:\/\/www.puheoikeus.fi\/?page_id=369"},"modified":"2013-04-10T19:21:55","modified_gmt":"2013-04-10T16:21:55","slug":"blogi","status":"publish","type":"page","link":"https:\/\/www.puheoikeus.fi\/de\/blogi\/","title":{"rendered":"Blog"},"content":{"rendered":"<p class=\"qtranxs-available-languages-message qtranxs-available-languages-message-de\">Der Artikel steht zur Verf\u00fcgung auf <a href=\"https:\/\/www.puheoikeus.fi\/sv\/wp-json\/wp\/v2\/pages\/369\" class=\"qtranxs-available-language-link qtranxs-available-language-link-sv\" title=\"Svenska\">Schwedisch<\/a> und <a href=\"https:\/\/www.puheoikeus.fi\/en\/wp-json\/wp\/v2\/pages\/369\" class=\"qtranxs-available-language-link qtranxs-available-language-link-en\" title=\"English\">Amerikanisches Englisch<\/a> verf\u00fcgbar. Der Inhalt wird in einer anderen verf\u00fcgbaren Sprache angezeigt. Sie k\u00f6nnen einen Link anklicken, um zu einer anderen verf\u00fcgbaren Sprache zu wechseln.<\/p><p><br \/>\n<\/p>","protected":false},"excerpt":{"rendered":"<p>Der Artikel steht zur Verf\u00fcgung auf Schwedisch und Amerikanisches Englisch verf\u00fcgbar. Der Inhalt wird in einer anderen verf\u00fcgbaren Sprache angezeigt. Sie k\u00f6nnen einen Link anklicken, um zu einer anderen verf\u00fcgbaren Sprache zu wechseln.<\/p>\n","protected":false},"author":2,"featured_media":0,"parent":0,"menu_order":0,"comment_status":"closed","ping_status":"closed","template":"blog-excerpt.php","meta":[],"_links":{"self":[{"href":"https:\/\/www.puheoikeus.fi\/de\/wp-json\/wp\/v2\/pages\/369"}],"collection":[{"href":"https:\/\/www.puheoikeus.fi\/de\/wp-json\/wp\/v2\/pages"}],"about":[{"href":"https:\/\/www.puheoikeus.fi\/de\/wp-json\/wp\/v2\/types\/page"}],"author":[{"embeddable":true,"href":"https:\/\/www.puheoikeus.fi\/de\/wp-json\/wp\/v2\/users\/2"}],"replies":[{"embeddable":true,"href":"https:\/\/www.puheoikeus.fi\/de\/wp-json\/wp\/v2\/comments?post=369"}],"version-history":[{"count":0,"href":"https:\/\/www.puheoikeus.fi\/de\/wp-json\/wp\/v2\/pages\/369\/revisions"}],"wp:attachment":[{"href":"https:\/\/www.puheoikeus.fi\/de\/wp-json\/wp\/v2\/media?parent=369"}],"curies":[{"name":"wp","href":"https:\/\/api.w.org\/{rel}","templated":true}]}}