{"id":2303,"date":"2014-03-20T16:01:33","date_gmt":"2014-03-20T14:01:33","guid":{"rendered":"http:\/\/www.puheoikeus.fi\/?page_id=2303"},"modified":"2014-03-20T16:07:07","modified_gmt":"2014-03-20T14:07:07","slug":"hbl-lat-autisterna-leva-bland-oss-un-enablecrpd-och-enluckeprincipen","status":"publish","type":"page","link":"https:\/\/www.puheoikeus.fi\/de\/mediassa\/hbl-lat-autisterna-leva-bland-oss-un-enablecrpd-och-enluckeprincipen\/","title":{"rendered":"HBL &#8211; L\u00e5t autisterna leva bland oss (UN Enable\/CRPD och enluckeprincipen)"},"content":{"rendered":"<p class=\"qtranxs-available-languages-message qtranxs-available-languages-message-de\">Der Artikel steht zur Verf\u00fcgung auf <a href=\"https:\/\/www.puheoikeus.fi\/sv\/wp-json\/wp\/v2\/pages\/2303\" class=\"qtranxs-available-language-link qtranxs-available-language-link-sv\" title=\"Svenska\">Schwedisch<\/a> verf\u00fcgbar. Der Inhalt wird unten in einer verf\u00fcgbaren Sprache angezeigt. Klicken Sie auf den Link, um die aktuelle Sprache zu \u00e4ndern.<\/p><p>V\u00e5rd Habilitering inneb\u00e4r allt det st\u00f6d en funktionshindrad beh\u00f6ver f\u00f6r att leva ett normalt liv. Det \u00e4r synonymt med UNEnable, de m\u00e4nskliga r\u00e4ttigheterna f\u00f6r funktionshindrade. Vi beh\u00f6ver en livsl\u00e5ng helhetshabilitering baserad p\u00e5 UNEnable och p\u00e5 ett enluckesystem. Autisterna \u00e4r en av h\u00f6rnstenarna inom socialpolitiken. F\u00f6renkla v\u00e5rden och rita organisationsplanen d\u00e4refter.<\/p>\n<p>G\u00f6r en enda, bindande habiliterings- och serviceplan med ett utvecklat inneh\u00e5ll. Behoven utreds p\u00e5 en avdelning. Fynden redovisas j\u00e4mte rekommendationer. S\u00e5 g\u00f6r man inom (special)sjukv\u00e5rden d\u00e4r det inte anses strida mot den kommunala beslutander\u00e4tten att skrida fr\u00e5n r\u00f6ntgen till operation och kryckor.<\/p>\n<p>Helhetsplanen utg\u00f6r papperskriget och omfattar en fungerande vardag (terapier, hj\u00e4lpmedel, AKK, skol- eller klassform, personlig assistans, fritid, hobbyer, familjen, kurser, kommunikation, teckentr\u00e4ning, tolktj\u00e4nster, invalidparkering, n\u00e4rst\u00e5endev\u00e5rd, arvoden, avlastning, jobb, boende, ekonomi, h\u00e4lso- och tandv\u00e5rd med mera).<\/p>\n<p>Planen g\u00f6rs lokalt och individuellt. Den \u00e4r bindande f\u00f6r staten eller kommunen och avslutas inte vid 16 \u00e5rs \u00e5lder. P\u00e5 svenska beh\u00f6vs kreativitet, en Plan B, d\u00e5 vissa serviceformer saknas. FPA fr\u00e5ntas rollen som beslutsfattare och blir finansi\u00e4r samt ett r\u00e4ttsskydd, en klagomur, f\u00f6r familjen.<\/p>\n<p>Pedagogiken, socialsidan och g\u00e4llande lagar borde synas som totalbudgeter, precis som inom h\u00e4lso- och sjukv\u00e5rden. Vi har sk\u00e4l att bredda beh\u00f6righetsvillkoren, att g\u00f6ra dem tv\u00e4rvetenskapliga och att acceptera olika v\u00e4gar till yrkeskompetens.<\/p>\n<p>Familjerna f\u00e5r ur habiliteringsteamet en kunnig case manager som bevakar individens intressen och sk\u00f6ter det reducerade papperskriget. Denna h\u00f6r sig f\u00f6r om behovet av hj\u00e4lp och \u00e4r familjens n\u00e4rkontakt i akuta fr\u00e5gor.<\/p>\n<p>Enluckeprincipen genomf\u00f6rs s\u00e5 att vi p\u00e5 det organisatoriska planet f\u00f6rst definierar en god helhetshabilitering och sedan kartl\u00e4gger Svenskfinlands existerande kompetens. Sedan ritas nya organisationer upp s\u00e5 att m\u00e5ngfalden av tidigare, spridda verksamheter konsolideras, fokuseras och uppdateras. Frigjorda resurser riktas r\u00e4tt. IKT, och AKK f\u00e5r en central roll fr\u00e5n vaggan till graven. Det nya \u201dFolkkulla\u201d b\u00e5de analyserar och producerar p\u00e5 grund av minoritetspositionen. D\u00e4remot skall det finnas alternativ inom till exempel boendet och assistentf\u00f6rmedlingen.<\/p>\n<p>Busskorten f\u00f6renklas s\u00e5 att de funktionshindrades m\u00e5nadskort omfattar 18 fria taxiresor. De livsl\u00e5nga, heltidsanst\u00e4llda n\u00e4rst\u00e5endev\u00e5rdarna beviljas ett accepterat \u201dpension\u00e4rskort\u201d f\u00f6r resor och intr\u00e4desbiljetter. De beviljas en garantipension och r\u00e4tt att lyfta l\u00f6n som assistent i tv\u00e5 skift.<\/p>\n<p>Autisterna skall f\u00e5 v\u00e4xa upp och leva sina liv, bland oss, med st\u00f6d. Det \u00e4r inte k\u00e4rnfysik.<\/p>\n<p>Terry Grahn,<br \/>\nGrankulla<\/p>\n<p><a href=\"http:\/\/hbl.fi\/opinion\/lasares-brev\/2014-03-19\/582671\/lat-autisterna-leva-bland-oss\" target=\"_blank\">F\u00f6r Hbls prenumeranter<\/a><\/p>\n<p><img loading=\"lazy\" class=\"size-full wp-image-2305 alignleft\" alt=\"Hbl20mars2014\" src=\"http:\/\/www.puheoikeus.fi\/wp-content\/uploads\/2014\/03\/Hbl20mars2014.png\" width=\"273\" height=\"647\" srcset=\"https:\/\/www.puheoikeus.fi\/wp-content\/uploads\/2014\/03\/Hbl20mars2014.png 273w, https:\/\/www.puheoikeus.fi\/wp-content\/uploads\/2014\/03\/Hbl20mars2014-126x300.png 126w\" sizes=\"(max-width: 273px) 100vw, 273px\" \/><\/p>","protected":false},"excerpt":{"rendered":"<p>Der Artikel steht zur Verf\u00fcgung auf Schwedisch verf\u00fcgbar. Der Inhalt wird unten in einer verf\u00fcgbaren Sprache angezeigt. Klicken Sie auf den Link, um die aktuelle Sprache zu \u00e4ndern.V\u00e5rd Habilitering inneb\u00e4r allt det st\u00f6d en funktionshindrad beh\u00f6ver f\u00f6r att leva ett<span class=\"ellipsis\">&hellip;<\/span><\/p>\n<div class=\"read-more\"><a href=\"https:\/\/www.puheoikeus.fi\/de\/mediassa\/hbl-lat-autisterna-leva-bland-oss-un-enablecrpd-och-enluckeprincipen\/\">Weiterlesen \u203a<\/a><\/div>\n<p><!-- end of .read-more --><\/p>\n","protected":false},"author":3,"featured_media":0,"parent":1193,"menu_order":0,"comment_status":"closed","ping_status":"open","template":"content-sidebar-page.php","meta":[],"_links":{"self":[{"href":"https:\/\/www.puheoikeus.fi\/de\/wp-json\/wp\/v2\/pages\/2303"}],"collection":[{"href":"https:\/\/www.puheoikeus.fi\/de\/wp-json\/wp\/v2\/pages"}],"about":[{"href":"https:\/\/www.puheoikeus.fi\/de\/wp-json\/wp\/v2\/types\/page"}],"author":[{"embeddable":true,"href":"https:\/\/www.puheoikeus.fi\/de\/wp-json\/wp\/v2\/users\/3"}],"replies":[{"embeddable":true,"href":"https:\/\/www.puheoikeus.fi\/de\/wp-json\/wp\/v2\/comments?post=2303"}],"version-history":[{"count":5,"href":"https:\/\/www.puheoikeus.fi\/de\/wp-json\/wp\/v2\/pages\/2303\/revisions"}],"predecessor-version":[{"id":2309,"href":"https:\/\/www.puheoikeus.fi\/de\/wp-json\/wp\/v2\/pages\/2303\/revisions\/2309"}],"up":[{"embeddable":true,"href":"https:\/\/www.puheoikeus.fi\/de\/wp-json\/wp\/v2\/pages\/1193"}],"wp:attachment":[{"href":"https:\/\/www.puheoikeus.fi\/de\/wp-json\/wp\/v2\/media?parent=2303"}],"curies":[{"name":"wp","href":"https:\/\/api.w.org\/{rel}","templated":true}]}}