{"id":2184,"date":"2014-03-04T12:15:23","date_gmt":"2014-03-04T10:15:23","guid":{"rendered":"http:\/\/www.puheoikeus.fi\/?page_id=2184"},"modified":"2014-03-04T19:56:12","modified_gmt":"2014-03-04T17:56:12","slug":"nibbe-test","status":"publish","type":"page","link":"https:\/\/www.puheoikeus.fi\/de\/mediassa\/nibbe-test\/","title":{"rendered":"NIBBE test"},"content":{"rendered":"<p class=\"qtranxs-available-languages-message qtranxs-available-languages-message-de\">Der Artikel steht zur Verf\u00fcgung auf <a href=\"https:\/\/www.puheoikeus.fi\/fi\/wp-json\/wp\/v2\/pages\/2184\" class=\"qtranxs-available-language-link qtranxs-available-language-link-fi\" title=\"Suomi\">Finnisch<\/a> verf\u00fcgbar. Der Inhalt wird unten in einer verf\u00fcgbaren Sprache angezeigt. Klicken Sie auf den Link, um die aktuelle Sprache zu \u00e4ndern.<\/p><p><a href=\"http:\/\/www.puheoikeus.fi\/wp-content\/uploads\/2014\/03\/God_Tid_och_webb.docx\" target=\"_blank\">link<\/a><\/p>\n<p><a href=\"http:\/\/www.puheoikeus.fi\/wp-content\/uploads\/2014\/03\/God_Tid_och_webb2.pdf\" target=\"_blank\">link2<\/a><\/p>\n<p><a href=\"https:\/\/dl.dropboxusercontent.com\/u\/43625277\/kalender2014KH.pdf\" target=\"_blank\">l\u00e4nk till grej p\u00e5 boxen<\/a><\/p>","protected":false},"excerpt":{"rendered":"<p>Der Artikel steht zur Verf\u00fcgung auf Finnisch verf\u00fcgbar. Der Inhalt wird unten in einer verf\u00fcgbaren Sprache angezeigt. Klicken Sie auf den Link, um die aktuelle Sprache zu \u00e4ndern.link link2 l\u00e4nk till grej p\u00e5 boxen<\/p>\n","protected":false},"author":3,"featured_media":0,"parent":1193,"menu_order":0,"comment_status":"closed","ping_status":"open","template":"content-sidebar-page.php","meta":[],"_links":{"self":[{"href":"https:\/\/www.puheoikeus.fi\/de\/wp-json\/wp\/v2\/pages\/2184"}],"collection":[{"href":"https:\/\/www.puheoikeus.fi\/de\/wp-json\/wp\/v2\/pages"}],"about":[{"href":"https:\/\/www.puheoikeus.fi\/de\/wp-json\/wp\/v2\/types\/page"}],"author":[{"embeddable":true,"href":"https:\/\/www.puheoikeus.fi\/de\/wp-json\/wp\/v2\/users\/3"}],"replies":[{"embeddable":true,"href":"https:\/\/www.puheoikeus.fi\/de\/wp-json\/wp\/v2\/comments?post=2184"}],"version-history":[{"count":13,"href":"https:\/\/www.puheoikeus.fi\/de\/wp-json\/wp\/v2\/pages\/2184\/revisions"}],"predecessor-version":[{"id":2199,"href":"https:\/\/www.puheoikeus.fi\/de\/wp-json\/wp\/v2\/pages\/2184\/revisions\/2199"}],"up":[{"embeddable":true,"href":"https:\/\/www.puheoikeus.fi\/de\/wp-json\/wp\/v2\/pages\/1193"}],"wp:attachment":[{"href":"https:\/\/www.puheoikeus.fi\/de\/wp-json\/wp\/v2\/media?parent=2184"}],"curies":[{"name":"wp","href":"https:\/\/api.w.org\/{rel}","templated":true}]}}