{"id":2167,"date":"2014-03-04T10:35:03","date_gmt":"2014-03-04T08:35:03","guid":{"rendered":"http:\/\/www.puheoikeus.fi\/?page_id=2167"},"modified":"2014-03-04T10:39:25","modified_gmt":"2014-03-04T08:39:25","slug":"hbl-familjerna-star-ensamma-for-omsorgen-2","status":"publish","type":"page","link":"https:\/\/www.puheoikeus.fi\/de\/mediassa\/hbl-familjerna-star-ensamma-for-omsorgen-2\/","title":{"rendered":"HBL &#8211; Familjerna st\u00e5r ensamma f\u00f6r omsorgen"},"content":{"rendered":"<p class=\"qtranxs-available-languages-message qtranxs-available-languages-message-de\">Der Artikel steht zur Verf\u00fcgung auf <a href=\"https:\/\/www.puheoikeus.fi\/sv\/wp-json\/wp\/v2\/pages\/2167\" class=\"qtranxs-available-language-link qtranxs-available-language-link-sv\" title=\"Svenska\">Schwedisch<\/a> verf\u00fcgbar. Der Inhalt wird unten in einer verf\u00fcgbaren Sprache angezeigt. Klicken Sie auf den Link, um die aktuelle Sprache zu \u00e4ndern.<\/p><p>Omsorgen p\u00e5 svenska \u00e4r splittrad som Londons tunnelbanen\u00e4t. Akt\u00f6rerna jobbar okoordinerat, med det som finansieras \u201djust nu\u201d. Man tror att de b\u00e4st finansierade enheterna, L\u00e4rum och Speres, levererar. L\u00e4get f\u00f6r autisterna och f\u00f6r dem med AKK (alternativ kompletterande kommunikation) som f\u00f6rstaspr\u00e5k har inte varit under kontroll de senaste 15-20 \u00e5ren.<\/p>\n<p>P\u00e5 finskt h\u00e5ll finns det ett flertal akt\u00f6rer. Habiliteringen och hj\u00e4lpmedlen fungerar inom HNS &#8211; p\u00e5 finska.<\/p>\n<p>Ser man p\u00e5 f\u00f6rbunden, K\u00e5rkulla, Habben\/Resurscentret (Folkh\u00e4lsan), \u00e4r det n\u00e4stan om\u00f6jligt att g\u00f6ra \u201dsamma p\u00e5 svenska\u201d (n\u00e5gra lysande undantag finns). Det inneb\u00e4r att man tvingas (?) \u00f6vervaka lagf\u00f6rslag framf\u00f6r att ha medlems- eller lobbyverksamhet och serviceproduktion. Alla parter p\u00e5 svenska v\u00e4ljer bort det ol\u00f6nsamma. Familjerna sk\u00f6ter om denna del av samh\u00e4llsservicen.<\/p>\n<p>K\u00e5rkullas m\u00f6tesagendor \u00e4r skr\u00e4ckfylld l\u00e4sning. De handlar om l\u00e5s, grindar och nyanstalter. Att v\u00e4lja bort K\u00e5rkulla \u00e4r inte l\u00e4tt, men man f\u00e5r i alla fall leva ett liv i samh\u00e4llet, som under uppv\u00e4xttiden. P\u00e5 anstalten f\u00e5r man inte ens ta en kopp kaffe f\u00f6r egna pengar! Samkommunerna h\u00f6r f-n till. De och deras klienter \u00e4r \u201dout of sight, out of mind\u201d f\u00f6r den enskilda kommunens politiker och tj\u00e4nstem\u00e4n. Det \u00e4r l\u00e4ttare att sk\u00e4ra ner den gren man inte ens ser. F\u00f6r K\u00e5rkullas del blir ekvationen en om\u00f6jlighet. Den som lider, \u00e4r den funktionshindrade (j\u00e4mte familj).<\/p>\n<p>Kommunerna specificerar inte vad man k\u00f6per. Inga kvalitetskrav st\u00e4lls. Ingen definierar god och j\u00e4mlik omsorg, service eller skola och inhandlar s\u00e5dan. Utbildningsv\u00e4sendena f\u00f6ljer inte upp vad som h\u00e4nder i skolan eller huruvida dessa har material eller personal. Socialsidan har ingen aning om assistansen, eftermiddags- eller lovv\u00e5rden. Kontinuitet saknas s\u00e5v\u00e4l f\u00f6r barnen som f\u00f6r personalen. Barnen klarar inte av diskontinuitet utan att fara illa. Familjerna sk\u00f6ter skadorna av de multipla \u00f6vergreppen.<\/p>\n<p>Inf\u00f6r val betonar v\u00e4ljarna tre fr\u00e5gor: utbildning, social- och h\u00e4lsov\u00e5rd och omsorg. Socialsidan blir sedan en fr\u00e5ga f\u00f6r \u201dtanter\u201d och samkommunerna drabbar dem som \u00e4nnu inte etablerat sig, dem som drar \u201dnitlotten\u201d.<\/p>\n<p>Det \u00e4r familjernasom ensamma h\u00e5ller upp omsorgen om autister och de AKK-spr\u00e5kiga. Inom inget annat omr\u00e5de skulle man kunna agera s\u00e5 h\u00e4r. Kontrasten \u00e4r bj\u00e4rt i j\u00e4mf\u00f6relse med Sverige, Danmark, Holland och Australien. Vi saknar skolb\u00f6cker, skolmaterial, hj\u00e4lpmedel, utbildad personal, personal \u00f6ver huvud taget, l\u00e4rarutbildning inom alla branscher, socialtj\u00e4nster, avlastning, boenden, jobb och service. Ansvaret och genomf\u00f6randet har \u00f6verf\u00f6rts p\u00e5 familjerna.<\/p>\n<p>Vi beh\u00f6ver ett tv\u00e4rvetenskapligt autism- och kommunikationscentrum med utg\u00e5ngspunkt i de b\u00e4sta serviceplanmodellerna f\u00f6r individen (till exempel Jaatinen-stiftelsens) och i den samlade kompetens som i f\u00f6rsta hand familjerna har i dag. Serviceplanerna omfattar allt fr\u00e5n ramarna f\u00f6r ett normalt liv, via hj\u00e4lpmedlen och assistansen till minsta lilla reservdel. D\u00e5 kunde socialarbetet upplevas meningsfullt och de anst\u00e4llda f\u00e5 en fj\u00e4der i hatten. Omsorgen \u00e4r en viktig fr\u00e5ga, en fr\u00e5ga om m\u00e4nskliga r\u00e4ttigheter och om yttrander\u00e4tt.<\/p>\n<p>Th\u00e9r\u00e8se Grahn,<br \/>\nAKK-specialpedagog och lobbare<\/p>\n<p><a href=\"http:\/\/hbl.fi\/opinion\/lasares-brev\/2013-06-07\/458976\/familjerna-star-ensamma-omsorgen\" target=\"_blank\">F\u00f6r Hbls prenumeranter<\/a><\/p>\n<p><img loading=\"lazy\" class=\"alignleft size-full wp-image-2140\" alt=\"Hbl 16.6.2013 Familjerna st\u00e5r ensamma f\u00f6r omsorgen\" src=\"http:\/\/www.puheoikeus.fi\/wp-content\/uploads\/2014\/03\/Hbl-16.6.2013-Familjerna-st\u00e5r-ensamma-f\u00f6r-omsorgen.png\" width=\"378\" height=\"923\" \/><\/p>","protected":false},"excerpt":{"rendered":"<p>Der Artikel steht zur Verf\u00fcgung auf Schwedisch verf\u00fcgbar. Der Inhalt wird unten in einer verf\u00fcgbaren Sprache angezeigt. Klicken Sie auf den Link, um die aktuelle Sprache zu \u00e4ndern.Omsorgen p\u00e5 svenska \u00e4r splittrad som Londons tunnelbanen\u00e4t. Akt\u00f6rerna jobbar okoordinerat, med det<span class=\"ellipsis\">&hellip;<\/span><\/p>\n<div class=\"read-more\"><a href=\"https:\/\/www.puheoikeus.fi\/de\/mediassa\/hbl-familjerna-star-ensamma-for-omsorgen-2\/\">Weiterlesen \u203a<\/a><\/div>\n<p><!-- end of .read-more --><\/p>\n","protected":false},"author":3,"featured_media":0,"parent":1193,"menu_order":0,"comment_status":"closed","ping_status":"open","template":"content-sidebar-page.php","meta":[],"_links":{"self":[{"href":"https:\/\/www.puheoikeus.fi\/de\/wp-json\/wp\/v2\/pages\/2167"}],"collection":[{"href":"https:\/\/www.puheoikeus.fi\/de\/wp-json\/wp\/v2\/pages"}],"about":[{"href":"https:\/\/www.puheoikeus.fi\/de\/wp-json\/wp\/v2\/types\/page"}],"author":[{"embeddable":true,"href":"https:\/\/www.puheoikeus.fi\/de\/wp-json\/wp\/v2\/users\/3"}],"replies":[{"embeddable":true,"href":"https:\/\/www.puheoikeus.fi\/de\/wp-json\/wp\/v2\/comments?post=2167"}],"version-history":[{"count":4,"href":"https:\/\/www.puheoikeus.fi\/de\/wp-json\/wp\/v2\/pages\/2167\/revisions"}],"predecessor-version":[{"id":2174,"href":"https:\/\/www.puheoikeus.fi\/de\/wp-json\/wp\/v2\/pages\/2167\/revisions\/2174"}],"up":[{"embeddable":true,"href":"https:\/\/www.puheoikeus.fi\/de\/wp-json\/wp\/v2\/pages\/1193"}],"wp:attachment":[{"href":"https:\/\/www.puheoikeus.fi\/de\/wp-json\/wp\/v2\/media?parent=2167"}],"curies":[{"name":"wp","href":"https:\/\/api.w.org\/{rel}","templated":true}]}}