{"id":2123,"date":"2014-02-28T11:09:05","date_gmt":"2014-02-28T09:09:05","guid":{"rendered":"http:\/\/www.puheoikeus.fi\/?page_id=2123"},"modified":"2014-02-28T11:09:05","modified_gmt":"2014-02-28T09:09:05","slug":"erityiskasvatus-aac-erityispedagogiikka","status":"publish","type":"page","link":"https:\/\/www.puheoikeus.fi\/de\/mediassa\/erityiskasvatus-aac-erityispedagogiikka\/","title":{"rendered":"Erityiskasvatus &#8211; AAC-erityispedagogiikka\u00a9"},"content":{"rendered":"<p class=\"qtranxs-available-languages-message qtranxs-available-languages-message-de\">Der Artikel steht zur Verf\u00fcgung auf <a href=\"https:\/\/www.puheoikeus.fi\/fi\/wp-json\/wp\/v2\/pages\/2123\" class=\"qtranxs-available-language-link qtranxs-available-language-link-fi\" title=\"Suomi\">Finnisch<\/a> verf\u00fcgbar. Der Inhalt wird unten in einer verf\u00fcgbaren Sprache angezeigt. Klicken Sie auf den Link, um die aktuelle Sprache zu \u00e4ndern.<\/p><p>Viittomien ja kuvien lis\u00e4\u00e4minen Lexiaan nosti erityisopetuksen tuottavuuden vuositasolla yli parituhatkertaiseksi. Kun oppiaineiden sanasto lis\u00e4ttiin my\u00f6s kommunikointisovelluksiin sek\u00e4 ennakoivaan opetukseen, syntyi opetusfilosofia ja -menetelm\u00e4, AAC-erityispedagogiikka\u00a9.<br \/>\n(Erityiskasvatus 3\/2013)<\/p>\n<p><a href=\"http:\/\/www.puheoikeus.fi\/wp-content\/uploads\/2014\/02\/Erityiskasvatus_3_2013_terrygrahn.pdf\" target=\"_blank\">Lue lis\u00e4\u00e4<\/a><\/p>","protected":false},"excerpt":{"rendered":"<p>Der Artikel steht zur Verf\u00fcgung auf Finnisch verf\u00fcgbar. Der Inhalt wird unten in einer verf\u00fcgbaren Sprache angezeigt. Klicken Sie auf den Link, um die aktuelle Sprache zu \u00e4ndern.Viittomien ja kuvien lis\u00e4\u00e4minen Lexiaan nosti erityisopetuksen tuottavuuden vuositasolla yli parituhatkertaiseksi. Kun oppiaineiden<span class=\"ellipsis\">&hellip;<\/span><\/p>\n<div class=\"read-more\"><a href=\"https:\/\/www.puheoikeus.fi\/de\/mediassa\/erityiskasvatus-aac-erityispedagogiikka\/\">Weiterlesen \u203a<\/a><\/div>\n<p><!-- end of .read-more --><\/p>\n","protected":false},"author":3,"featured_media":0,"parent":1193,"menu_order":0,"comment_status":"closed","ping_status":"open","template":"content-sidebar-page.php","meta":[],"_links":{"self":[{"href":"https:\/\/www.puheoikeus.fi\/de\/wp-json\/wp\/v2\/pages\/2123"}],"collection":[{"href":"https:\/\/www.puheoikeus.fi\/de\/wp-json\/wp\/v2\/pages"}],"about":[{"href":"https:\/\/www.puheoikeus.fi\/de\/wp-json\/wp\/v2\/types\/page"}],"author":[{"embeddable":true,"href":"https:\/\/www.puheoikeus.fi\/de\/wp-json\/wp\/v2\/users\/3"}],"replies":[{"embeddable":true,"href":"https:\/\/www.puheoikeus.fi\/de\/wp-json\/wp\/v2\/comments?post=2123"}],"version-history":[{"count":6,"href":"https:\/\/www.puheoikeus.fi\/de\/wp-json\/wp\/v2\/pages\/2123\/revisions"}],"predecessor-version":[{"id":2130,"href":"https:\/\/www.puheoikeus.fi\/de\/wp-json\/wp\/v2\/pages\/2123\/revisions\/2130"}],"up":[{"embeddable":true,"href":"https:\/\/www.puheoikeus.fi\/de\/wp-json\/wp\/v2\/pages\/1193"}],"wp:attachment":[{"href":"https:\/\/www.puheoikeus.fi\/de\/wp-json\/wp\/v2\/media?parent=2123"}],"curies":[{"name":"wp","href":"https:\/\/api.w.org\/{rel}","templated":true}]}}