{"id":1846,"date":"2013-05-01T18:22:19","date_gmt":"2013-05-01T15:22:19","guid":{"rendered":"http:\/\/www.puheoikeus.fi\/?page_id=1846"},"modified":"2013-05-01T18:32:10","modified_gmt":"2013-05-01T15:32:10","slug":"vbl-fem-rad-for-omsorgen","status":"publish","type":"page","link":"https:\/\/www.puheoikeus.fi\/de\/mediassa\/vbl-fem-rad-for-omsorgen\/","title":{"rendered":"VBL &#8211; Fem r\u00e5d f\u00f6r omsorgen"},"content":{"rendered":"<p class=\"qtranxs-available-languages-message qtranxs-available-languages-message-de\">Der Artikel steht zur Verf\u00fcgung auf <a href=\"https:\/\/www.puheoikeus.fi\/sv\/wp-json\/wp\/v2\/pages\/1846\" class=\"qtranxs-available-language-link qtranxs-available-language-link-sv\" title=\"Svenska\">Schwedisch<\/a> verf\u00fcgbar. Der Inhalt wird unten in einer verf\u00fcgbaren Sprache angezeigt. Klicken Sie auf den Link, um die aktuelle Sprache zu \u00e4ndern.<\/p><p>Med enkla medel och lite ansvarstagande kan man minska p\u00e5 trippelarbetet och l\u00e5ta specialfamiljerna ha en fungerande vardag.<br \/>\n(VBL 25.1.2013)<\/p>\n<p><a href=\"http:\/\/www.puheoikeus.fi\/wp-content\/uploads\/2013\/05\/Vbl25jan2013tg.pdf\" target=\"_blank\">L\u00e4s mera<\/a><\/p>","protected":false},"excerpt":{"rendered":"<p>Der Artikel steht zur Verf\u00fcgung auf Schwedisch verf\u00fcgbar. Der Inhalt wird unten in einer verf\u00fcgbaren Sprache angezeigt. Klicken Sie auf den Link, um die aktuelle Sprache zu \u00e4ndern.Med enkla medel och lite ansvarstagande kan man minska p\u00e5 trippelarbetet och l\u00e5ta<span class=\"ellipsis\">&hellip;<\/span><\/p>\n<div class=\"read-more\"><a href=\"https:\/\/www.puheoikeus.fi\/de\/mediassa\/vbl-fem-rad-for-omsorgen\/\">Weiterlesen \u203a<\/a><\/div>\n<p><!-- end of .read-more --><\/p>\n","protected":false},"author":3,"featured_media":0,"parent":1193,"menu_order":0,"comment_status":"closed","ping_status":"open","template":"content-sidebar-page.php","meta":[],"_links":{"self":[{"href":"https:\/\/www.puheoikeus.fi\/de\/wp-json\/wp\/v2\/pages\/1846"}],"collection":[{"href":"https:\/\/www.puheoikeus.fi\/de\/wp-json\/wp\/v2\/pages"}],"about":[{"href":"https:\/\/www.puheoikeus.fi\/de\/wp-json\/wp\/v2\/types\/page"}],"author":[{"embeddable":true,"href":"https:\/\/www.puheoikeus.fi\/de\/wp-json\/wp\/v2\/users\/3"}],"replies":[{"embeddable":true,"href":"https:\/\/www.puheoikeus.fi\/de\/wp-json\/wp\/v2\/comments?post=1846"}],"version-history":[{"count":0,"href":"https:\/\/www.puheoikeus.fi\/de\/wp-json\/wp\/v2\/pages\/1846\/revisions"}],"up":[{"embeddable":true,"href":"https:\/\/www.puheoikeus.fi\/de\/wp-json\/wp\/v2\/pages\/1193"}],"wp:attachment":[{"href":"https:\/\/www.puheoikeus.fi\/de\/wp-json\/wp\/v2\/media?parent=1846"}],"curies":[{"name":"wp","href":"https:\/\/api.w.org\/{rel}","templated":true}]}}