{"id":1771,"date":"2013-04-23T21:38:12","date_gmt":"2013-04-23T18:38:12","guid":{"rendered":"http:\/\/www.puheoikeus.fi\/?page_id=1771"},"modified":"2013-05-03T18:49:22","modified_gmt":"2013-05-03T15:49:22","slug":"julkaisut-ja-oppimateriaalit","status":"publish","type":"page","link":"https:\/\/www.puheoikeus.fi\/de\/linkit\/julkaisut-ja-oppimateriaalit\/","title":{"rendered":"Julkaisut ja oppimateriaalit"},"content":{"rendered":"<p><\/p>\n<h5><a href=\"http:\/\/erityisopettaja.fi\/tag\/erityisopetus\" target=\"_blank\">Erityisopettaja<\/a><\/h5>\n<h5><a href=\"http:\/\/www.fduv.fi\/infobank\/gula_pressen\" target=\"_blank\">Gula Pressen FDUV<\/a><\/h5>\n<h5><a href=\"http:\/\/www.foraldrakraft.se\" target=\"_blank\">F\u00f6r\u00e4ldrakraft (Sverige)<\/a><\/h5>\n<h5><a href=\"http:\/\/www.dik.se\/logopednytt\" target=\"_blank\">Logopednytt<\/a><\/h5>\n<h5><a href=\"http:\/\/www.facebook.com\/LeripaAB\" target=\"_blank\">Leripa AB<\/a><\/h5>\n<h5><a href=\"http:\/\/gunillaalmgrenback.wordpress.com\" target=\"_blank\">IKT och specialpedagogik<\/a><\/h5>\n<h5><a href=\"http:\/\/www.larum.fi\/start\" target=\"_blank\">L\u00e4rum-f\u00f6rlaget<\/a><\/h5>\n<h5><a href=\"http:\/\/www.larum.fi\/pedagogisk_utvecklin\/lattlast_it\" target=\"_blank\">L\u00e4rum, l\u00e4ttl\u00e4st IT<\/a><\/h5>\n<h5><a href=\"http:\/\/www.opike.fi\" target=\"_blank\">Oppimateriaalikeskus Opike<\/a><\/h5>\n<h5><a href=\"http:\/\/www.sosaktuellt.fi\/startsida\" target=\"_blank\">SOS Aktuellt<\/a><\/h5>\n<h5><a href=\"http:\/\/papunet.net\/tikoteekki\/julkaisut\/tikonen-tiedote.html\" target=\"_blank\">Tikonen<\/a><\/h5>\n<p><\/p>","protected":false},"excerpt":{"rendered":"<p>Erityisopettaja Gula Pressen FDUV F\u00f6r\u00e4ldrakraft (Sverige) Logopednytt Leripa AB IKT och specialpedagogik L\u00e4rum-f\u00f6rlaget L\u00e4rum, l\u00e4ttl\u00e4st IT Oppimateriaalikeskus Opike SOS Aktuellt Tikonen<\/p>\n","protected":false},"author":1,"featured_media":0,"parent":34,"menu_order":0,"comment_status":"closed","ping_status":"closed","template":"content-sidebar-page.php","meta":[],"_links":{"self":[{"href":"https:\/\/www.puheoikeus.fi\/de\/wp-json\/wp\/v2\/pages\/1771"}],"collection":[{"href":"https:\/\/www.puheoikeus.fi\/de\/wp-json\/wp\/v2\/pages"}],"about":[{"href":"https:\/\/www.puheoikeus.fi\/de\/wp-json\/wp\/v2\/types\/page"}],"author":[{"embeddable":true,"href":"https:\/\/www.puheoikeus.fi\/de\/wp-json\/wp\/v2\/users\/1"}],"replies":[{"embeddable":true,"href":"https:\/\/www.puheoikeus.fi\/de\/wp-json\/wp\/v2\/comments?post=1771"}],"version-history":[{"count":0,"href":"https:\/\/www.puheoikeus.fi\/de\/wp-json\/wp\/v2\/pages\/1771\/revisions"}],"up":[{"embeddable":true,"href":"https:\/\/www.puheoikeus.fi\/de\/wp-json\/wp\/v2\/pages\/34"}],"wp:attachment":[{"href":"https:\/\/www.puheoikeus.fi\/de\/wp-json\/wp\/v2\/media?parent=1771"}],"curies":[{"name":"wp","href":"https:\/\/api.w.org\/{rel}","templated":true}]}}