{"id":1677,"date":"2013-04-15T09:55:00","date_gmt":"2013-04-15T06:55:00","guid":{"rendered":"http:\/\/www.puheoikeus.fi\/?p=1677"},"modified":"2013-04-15T10:09:02","modified_gmt":"2013-04-15T07:09:02","slug":"hbl-tvingas-familjer-med-autister-emigrera","status":"publish","type":"page","link":"https:\/\/www.puheoikeus.fi\/de\/mediassa\/hbl-tvingas-familjer-med-autister-emigrera\/","title":{"rendered":"HBL \u2013 Tvingas familjer med autister emigrera?"},"content":{"rendered":"<p class=\"qtranxs-available-languages-message qtranxs-available-languages-message-de\">Der Artikel steht zur Verf\u00fcgung auf <a href=\"https:\/\/www.puheoikeus.fi\/sv\/wp-json\/wp\/v2\/pages\/1677\" class=\"qtranxs-available-language-link qtranxs-available-language-link-sv\" title=\"Svenska\">Schwedisch<\/a> verf\u00fcgbar. Der Inhalt wird unten in einer verf\u00fcgbaren Sprache angezeigt. Klicken Sie auf den Link, um die aktuelle Sprache zu \u00e4ndern.<\/p><p>Den internationella dagen f\u00f6r autismmedvetenhet firas i dag i m\u00e5nga l\u00e4nder med bl\u00e5a ljus och lyktor, penninginsamlingar och \u201dfolkbildning\u201d.<br \/>\nEn p\u00e5 80 personer drabbas av autism. I Svenskfinland \u00e4r det under en kritisk massa, varf\u00f6r gruppen i praktiken har \u00f6vergivits. FDUV, K\u00e5rkulla, DUV, Speres, Folkh\u00e4lsan, social- och skolmyndigheterna, kommunerna med flera sackar relativt sett efter g\u00e4llande bland annat hj\u00e4lpmedel, skolmaterial och sociala aktiviteter.<\/p>\n<p><a href=\"http:\/\/hbl.fi\/opinion\/lasares-brev\/2013-03-28\/433436\/tvingas-familjer-med-autister-emigrera\" target=\"_blank\">L\u00e4s mera<\/a><\/p>","protected":false},"excerpt":{"rendered":"<p>Der Artikel steht zur Verf\u00fcgung auf Schwedisch verf\u00fcgbar. Der Inhalt wird unten in einer verf\u00fcgbaren Sprache angezeigt. Klicken Sie auf den Link, um die aktuelle Sprache zu \u00e4ndern.Den internationella dagen f\u00f6r autismmedvetenhet firas i dag i m\u00e5nga l\u00e4nder med bl\u00e5a<span class=\"ellipsis\">&hellip;<\/span><\/p>\n<div class=\"read-more\"><a href=\"https:\/\/www.puheoikeus.fi\/de\/mediassa\/hbl-tvingas-familjer-med-autister-emigrera\/\">Weiterlesen \u203a<\/a><\/div>\n<p><!-- end of .read-more --><\/p>\n","protected":false},"author":1,"featured_media":0,"parent":1193,"menu_order":0,"comment_status":"closed","ping_status":"open","template":"content-sidebar-page.php","meta":[],"_links":{"self":[{"href":"https:\/\/www.puheoikeus.fi\/de\/wp-json\/wp\/v2\/pages\/1677"}],"collection":[{"href":"https:\/\/www.puheoikeus.fi\/de\/wp-json\/wp\/v2\/pages"}],"about":[{"href":"https:\/\/www.puheoikeus.fi\/de\/wp-json\/wp\/v2\/types\/page"}],"author":[{"embeddable":true,"href":"https:\/\/www.puheoikeus.fi\/de\/wp-json\/wp\/v2\/users\/1"}],"replies":[{"embeddable":true,"href":"https:\/\/www.puheoikeus.fi\/de\/wp-json\/wp\/v2\/comments?post=1677"}],"version-history":[{"count":0,"href":"https:\/\/www.puheoikeus.fi\/de\/wp-json\/wp\/v2\/pages\/1677\/revisions"}],"up":[{"embeddable":true,"href":"https:\/\/www.puheoikeus.fi\/de\/wp-json\/wp\/v2\/pages\/1193"}],"wp:attachment":[{"href":"https:\/\/www.puheoikeus.fi\/de\/wp-json\/wp\/v2\/media?parent=1677"}],"curies":[{"name":"wp","href":"https:\/\/api.w.org\/{rel}","templated":true}]}}