{"id":1193,"date":"2013-02-10T18:25:51","date_gmt":"2013-02-10T16:25:51","guid":{"rendered":"http:\/\/www.puheoikeus.fi\/?page_id=1193"},"modified":"2013-04-15T09:36:42","modified_gmt":"2013-04-15T06:36:42","slug":"mediassa","status":"publish","type":"page","link":"https:\/\/www.puheoikeus.fi\/de\/mediassa\/","title":{"rendered":"In den Medien"},"content":{"rendered":"<p>Puheoikeus.fi (= das Recht sich auszudr\u00fccken und sich mitzuteilen) erscheint in den Medien durch Debatten- und Expertenartikel und als sachverst\u00e4ndig in Interviews.<\/p>\n<p>Wir stellen Themen wie Aufnahme, Behindertendienst und ein Leben in W\u00fcrde bei den Politkern, Angetellten und der breiten \u00d6ffentlichkeit zur Debatte. Wir heben den Alltag, die Rechte und die Interessen der Personen mit Sprachbehinderung, Autismus, geistiger Behinderung und ihren Familien hervor.<\/p>\n<p>Wir nehmen in der Entwicklung einer mehrfachligen F\u00e4higkeit in der unterst\u00fctzende Kommunikation (UK, AAC), in der Sonderp\u00e4dagogik, in den Geb\u00e4rdenkenntnissen, in der (Re)Habilitierung, im Behindertendienst, in den Bed\u00fcrfnispl\u00e4nen, in der Wertebasis, in der Aufnahme und in Fragen betreffend der Pflegenden Angeh\u00f6rigen durch Expretenartikeln teil. Unsere Arbeit gr\u00fcndet sich auf die UN-Konvention \u00fcber die Rechte von Menschen mit Behinderungen (UN Enable).<\/p>\n<p>Die Expertenartikeln sind oft (fast gleichlautend) in Finnisch, Swedisch und Englisch da, aber wir \u00fcbersetzen sie nicht. Die \u00dcbersetzungen von Google Translate sind beinahe korrekt. Wenn m\u00f6glich, schreiben wir eine kurtze Zusammenfassung auf die anderen Sprachen.<\/p>\n<p>Die Artikel die in anderen Medien publiziert sind, finden Sie hier, rechts. Weitere Debatten- und Expertenartikel gibt es am Web, in unserem Blog hier am Web, und unter den Namen Puheoikeus.fi auf LinkedIn, Facebook und Google+. Wir sind auch beim Twitter unter den Namen AAC_Terry anwesend. Wir schreiben haupts\u00e4chlich auf Finnisch, Schwedisch und Englisch, aber manchmal auch auf Deutsch und Franz\u00f6sisch.<\/p>","protected":false},"excerpt":{"rendered":"<p>Puheoikeus.fi (= das Recht sich auszudr\u00fccken und sich mitzuteilen) erscheint in den Medien durch Debatten- und Expertenartikel und als sachverst\u00e4ndig in Interviews. Wir stellen Themen wie Aufnahme, Behindertendienst und ein Leben in W\u00fcrde bei den Politkern, Angetellten und der breiten<span class=\"ellipsis\">&hellip;<\/span><\/p>\n<div class=\"read-more\"><a href=\"https:\/\/www.puheoikeus.fi\/de\/mediassa\/\">Weiterlesen \u203a<\/a><\/div>\n<p><!-- end of .read-more --><\/p>\n","protected":false},"author":1,"featured_media":0,"parent":0,"menu_order":0,"comment_status":"closed","ping_status":"open","template":"content-sidebar-page.php","meta":[],"_links":{"self":[{"href":"https:\/\/www.puheoikeus.fi\/de\/wp-json\/wp\/v2\/pages\/1193"}],"collection":[{"href":"https:\/\/www.puheoikeus.fi\/de\/wp-json\/wp\/v2\/pages"}],"about":[{"href":"https:\/\/www.puheoikeus.fi\/de\/wp-json\/wp\/v2\/types\/page"}],"author":[{"embeddable":true,"href":"https:\/\/www.puheoikeus.fi\/de\/wp-json\/wp\/v2\/users\/1"}],"replies":[{"embeddable":true,"href":"https:\/\/www.puheoikeus.fi\/de\/wp-json\/wp\/v2\/comments?post=1193"}],"version-history":[{"count":0,"href":"https:\/\/www.puheoikeus.fi\/de\/wp-json\/wp\/v2\/pages\/1193\/revisions"}],"wp:attachment":[{"href":"https:\/\/www.puheoikeus.fi\/de\/wp-json\/wp\/v2\/media?parent=1193"}],"curies":[{"name":"wp","href":"https:\/\/api.w.org\/{rel}","templated":true}]}}