{"id":105,"date":"2012-05-08T10:53:01","date_gmt":"2012-05-08T10:53:01","guid":{"rendered":"http:\/\/puheoikeus.fi\/?p=105"},"modified":"2013-04-17T11:39:47","modified_gmt":"2013-04-17T08:39:47","slug":"numero-5","status":"publish","type":"page","link":"https:\/\/www.puheoikeus.fi\/de\/palvelusuunnitelma\/numero-5\/","title":{"rendered":"Toimiiko palvelusopimus?"},"content":{"rendered":"<p class=\"qtranxs-available-languages-message qtranxs-available-languages-message-de\">Der Artikel steht zur Verf\u00fcgung auf <a href=\"https:\/\/www.puheoikeus.fi\/fi\/wp-json\/wp\/v2\/pages\/105\" class=\"qtranxs-available-language-link qtranxs-available-language-link-fi\" title=\"Suomi\">Finnisch<\/a> und <a href=\"https:\/\/www.puheoikeus.fi\/sv\/wp-json\/wp\/v2\/pages\/105\" class=\"qtranxs-available-language-link qtranxs-available-language-link-sv\" title=\"Svenska\">Schwedisch<\/a> verf\u00fcgbar. Der Inhalt wird in der Standard-Sprache dieser Website angezeigt. Sie k\u00f6nnen einen Link anklicken, um zu einer anderen verf\u00fcgbaren Sprache zu wechseln.<\/p><p>Kunnilla (ja kuntoutusyksik\u00f6ill\u00e4) on lakis\u00e4\u00e4teinen velvollisuus antaa neuvoja vammaiselle ja h\u00e4nen perheelleen diagnoosiin, ja kuntoutukseen liittyen sek\u00e4 kaikkeen, mik\u00e4 palvelusopimukseen, erityishuoltosopimukseen ja omaishoidon suunnitelmaan kuuluu.<\/p>\n<p>Kun perhe pyyt\u00e4\u00e4 palvelusopimuspalaveria (t\u00e4st\u00e4 palveluneuvonnassa kuultuaan), on kunnan vastattava pyynt\u00f6\u00f6n 7 p\u00e4iv\u00e4n sis\u00e4ll\u00e4 ja j\u00e4rjest\u00e4\u00e4 palaveri 3 kuukauden sis\u00e4ll\u00e4.<\/p>\n<p>Kumpaakin velvollisuutta rikotaan. Ei ole poikkeuksellista (joskin se on tyrmistytt\u00e4v\u00e4\u00e4), ett\u00e4 neuvontaa ei anneta ollenkaan ja ett\u00e4 palvelusuunnitelmakokousta saa odottaa 5-6-7 vuotta. Kun kokous sitten pidet\u00e4\u00e4n, kunta saattaa kielt\u00e4yty\u00e4 keskustelemasta laiminly\u00f6m\u00e4st\u00e4\u00e4n neuvonnasta sek\u00e4 kunnalle etuk\u00e4teen l\u00e4hetetyst\u00e4 ja t\u00e4ytetyst\u00e4 palvelusopimuslomakkeista, joita perhe itse on l\u00f6yt\u00e4nyt (esim. Jaatisen lomake).<\/p>\n<p>Kunta saattaa suostua keskusteluun vain oman j\u00e4rjestelm\u00e4ns\u00e4 otsikoiden ymp\u00e4rill\u00e4, j\u00e4tt\u00e4en vammaisen koko el\u00e4m\u00e4n keskustelun ulkopuolelle. Kunta saattaa ohittaa tarpeita tai kuitata palvelun tarpeita olankohautuksella, v\u00e4itt\u00e4m\u00e4ll\u00e4 \u201dettei meill\u00e4 ole tapana\u201d tai \u201dettei sit\u00e4 l\u00f6ydy ruotsiksi\u201d. Tarvetta suunnitelmaan B ei v\u00e4ltt\u00e4m\u00e4tt\u00e4 noteerata.<\/p>\n<p>T\u00e4st\u00e4 syyst\u00e4 on erityisen t\u00e4rke\u00e4\u00e4, ett\u00e4 vammaiset ja heid\u00e4n perheens\u00e4 kuulevat oikeuksistaan jo sairaalassa, kuntoutusosastolla, neuvolassa tai terveyskeskuksessa. Yht\u00e4 t\u00e4rke\u00e4\u00e4 on lomakkeisiin ja tarpeisiin viittaaminen kaikessa asiantuntijoiden dokumentaatiossa. Kuinka perhe muuten tiet\u00e4\u00e4, mist\u00e4 h\u00e4nen pit\u00e4\u00e4 miss\u00e4kin keskustella? Kunnat saattavat kokea t\u00e4m\u00e4n tekstin itsem\u00e4\u00e4r\u00e4\u00e4misoikeutensa loukkaamisena, mutta potilaan n\u00e4k\u00f6kulmasta oikeudet, palvelut ja velvoitteet on hyv\u00e4 tuntea hyviss\u00e4 ajoin ennen paperisotaa kuntansa kanssa. Ei kunnan itsem\u00e4\u00e4r\u00e4\u00e4misoikeus minnek\u00e4\u00e4n katoa, vaikka asiakas on valveutunut. Kuntoutusosasto, terapeutit ja l\u00e4\u00e4k\u00e4rit eiv\u00e4t (valitettavasti) voi antaa sitovia m\u00e4\u00e4r\u00e4yksi\u00e4 (kuten Ruotsissa). P\u00e4\u00e4t\u00f6s on aina kunnan.<\/p>\n<p>Se ei kuitenkaan saa ajaa yli vammaisen ja h\u00e4nen omaistensa oikeuksien.<\/p>\n<p><a href=\"http:\/\/www.puheoikeus.fi\/wp-content\/uploads\/2012\/05\/PalvelusuunnitelmaJaatinen.doc\">Jaatisen palvelusopimuslomake<\/a> on maan parhaimpia. Olemme suositelleet sen k\u00e4ytt\u00f6\u00e4 kaikkialla. Lomake on k\u00e4ytett\u00e4viss\u00e4, joskin t\u00e4ll\u00e4 hetkell\u00e4 Jaatinen ja muutamat muut s\u00e4\u00e4ti\u00f6t ja organisaatiot tekev\u00e4t yhteisty\u00f6t\u00e4 palvelusopimusajattelun levitt\u00e4miseksi ja lomakkeen ajantasaistamiseksi (ja k\u00e4\u00e4nt\u00e4miseksi virallisesti ruotsiksi). Seuraamme hankkeen etenemist\u00e4 ja informoimme siit\u00e4. Teht\u00e4v\u00e4kentt\u00e4 on laaja, mutta aihe on t\u00e4rke\u00e4!<\/p>\n<p>Autamme mielell\u00e4mme sek\u00e4 kuntien vammaisia asiakkaita omaisineen oikeuksiensa per\u00e4\u00e4nkuuluttamisessa, neuvotteluissa kunnan kanssa sek\u00e4 oikaisupyynt\u00f6jen ja valitusten teossa eri suuntiin.<\/p>\n<p>Autamme mielell\u00e4mme kuntien virkamiehi\u00e4 palveluvalikoiman suunnittelussa, palvelusopimusajattelun k\u00e4ytt\u00f6\u00f6notossa, l\u00e4hestymistavan kehitt\u00e4misess\u00e4, vammaispolitiikan teossa sek\u00e4 korkealaatuisten palveluiden tuottamisessa.<\/p>\n<p>Valmennamme mielell\u00e4mme poliitikkoja ja kuntien ylint\u00e4 johtoa asianmukaiseen vammaispalvelutarjonnan johtamiseen.<\/p>\n<p>Toimimme mielell\u00e4mme v\u00e4litt\u00e4j\u00e4n\u00e4, ulkopuolisena tahona, kun palvelusopimuksesta on eri\u00e4vi\u00e4 mielipiteit\u00e4 \u2013 jotta oikeustoimilta v\u00e4ltyt\u00e4\u00e4n. Kasvotusten tapahtuvat tapaamiset lis\u00e4\u00e4v\u00e4t yhteisymm\u00e4rryksen saavuttamista.<\/p>\n<p>Toivomme, ett\u00e4 lukijamme l\u00e4hett\u00e4v\u00e4t anonyymin kopion lomakkeestaan meille, jotta voimme saada kuvan maan tilanteesta sek\u00e4 tiedot siit\u00e4, miten palvelut toimivat. Yhteenvedolla voimme painostaa kuntia parempaan laatuun.<\/p>","protected":false},"excerpt":{"rendered":"<p>Der Artikel steht zur Verf\u00fcgung auf Finnisch und Schwedisch verf\u00fcgbar. Der Inhalt wird in der Standard-Sprache dieser Website angezeigt. Sie k\u00f6nnen einen Link anklicken, um zu einer anderen verf\u00fcgbaren Sprache zu wechseln.Kunnilla (ja kuntoutusyksik\u00f6ill\u00e4) on lakis\u00e4\u00e4teinen velvollisuus antaa neuvoja vammaiselle<span class=\"ellipsis\">&hellip;<\/span><\/p>\n<div class=\"read-more\"><a href=\"https:\/\/www.puheoikeus.fi\/de\/palvelusuunnitelma\/numero-5\/\">Weiterlesen \u203a<\/a><\/div>\n<p><!-- end of .read-more --><\/p>\n","protected":false},"author":3,"featured_media":0,"parent":1330,"menu_order":0,"comment_status":"closed","ping_status":"open","template":"content-sidebar-page.php","meta":[],"_links":{"self":[{"href":"https:\/\/www.puheoikeus.fi\/de\/wp-json\/wp\/v2\/pages\/105"}],"collection":[{"href":"https:\/\/www.puheoikeus.fi\/de\/wp-json\/wp\/v2\/pages"}],"about":[{"href":"https:\/\/www.puheoikeus.fi\/de\/wp-json\/wp\/v2\/types\/page"}],"author":[{"embeddable":true,"href":"https:\/\/www.puheoikeus.fi\/de\/wp-json\/wp\/v2\/users\/3"}],"replies":[{"embeddable":true,"href":"https:\/\/www.puheoikeus.fi\/de\/wp-json\/wp\/v2\/comments?post=105"}],"version-history":[{"count":0,"href":"https:\/\/www.puheoikeus.fi\/de\/wp-json\/wp\/v2\/pages\/105\/revisions"}],"up":[{"embeddable":true,"href":"https:\/\/www.puheoikeus.fi\/de\/wp-json\/wp\/v2\/pages\/1330"}],"wp:attachment":[{"href":"https:\/\/www.puheoikeus.fi\/de\/wp-json\/wp\/v2\/media?parent=105"}],"curies":[{"name":"wp","href":"https:\/\/api.w.org\/{rel}","templated":true}]}}